{"id":2942,"date":"2022-04-09T21:22:30","date_gmt":"2022-04-09T21:22:30","guid":{"rendered":"https:\/\/ivetanejezchlebova.cz\/home\/?page_id=2942"},"modified":"2022-04-09T21:39:56","modified_gmt":"2022-04-09T21:39:56","slug":"tapety-na-mobil-krcni-cakra","status":"publish","type":"page","link":"https:\/\/ivetanejezchlebova.cz\/home\/tapety-na-mobil-krcni-cakra\/","title":{"rendered":"tapety na mobil &#8211; kr\u010dn\u00ed \u010dakra"},"content":{"rendered":"\t\t<div data-elementor-type=\"wp-page\" data-elementor-id=\"2942\" class=\"elementor elementor-2942\">\n\t\t\t\t\t\t<section class=\"elementor-section elementor-top-section elementor-element elementor-element-084cbe7 elementor-section-boxed elementor-section-height-default elementor-section-height-default\" data-id=\"084cbe7\" data-element_type=\"section\">\n\t\t\t\t\t\t<div class=\"elementor-container elementor-column-gap-default\">\n\t\t\t\t\t<div class=\"elementor-column elementor-col-100 elementor-top-column elementor-element elementor-element-ba608f0\" data-id=\"ba608f0\" data-element_type=\"column\">\n\t\t\t<div class=\"elementor-widget-wrap elementor-element-populated\">\n\t\t\t\t\t\t<div class=\"elementor-element elementor-element-f58c29b elementor-widget-divider--view-line elementor-widget elementor-widget-divider\" data-id=\"f58c29b\" data-element_type=\"widget\" data-widget_type=\"divider.default\">\n\t\t\t\t<div class=\"elementor-widget-container\">\n\t\t\t<style>\/*! elementor - v3.19.0 - 07-02-2024 *\/\n.elementor-widget-divider{--divider-border-style:none;--divider-border-width:1px;--divider-color:#0c0d0e;--divider-icon-size:20px;--divider-element-spacing:10px;--divider-pattern-height:24px;--divider-pattern-size:20px;--divider-pattern-url:none;--divider-pattern-repeat:repeat-x}.elementor-widget-divider .elementor-divider{display:flex}.elementor-widget-divider .elementor-divider__text{font-size:15px;line-height:1;max-width:95%}.elementor-widget-divider .elementor-divider__element{margin:0 var(--divider-element-spacing);flex-shrink:0}.elementor-widget-divider .elementor-icon{font-size:var(--divider-icon-size)}.elementor-widget-divider .elementor-divider-separator{display:flex;margin:0;direction:ltr}.elementor-widget-divider--view-line_icon .elementor-divider-separator,.elementor-widget-divider--view-line_text .elementor-divider-separator{align-items:center}.elementor-widget-divider--view-line_icon .elementor-divider-separator:after,.elementor-widget-divider--view-line_icon .elementor-divider-separator:before,.elementor-widget-divider--view-line_text .elementor-divider-separator:after,.elementor-widget-divider--view-line_text .elementor-divider-separator:before{display:block;content:\"\";border-block-end:0;flex-grow:1;border-block-start:var(--divider-border-width) var(--divider-border-style) var(--divider-color)}.elementor-widget-divider--element-align-left .elementor-divider .elementor-divider-separator>.elementor-divider__svg:first-of-type{flex-grow:0;flex-shrink:100}.elementor-widget-divider--element-align-left .elementor-divider-separator:before{content:none}.elementor-widget-divider--element-align-left .elementor-divider__element{margin-left:0}.elementor-widget-divider--element-align-right .elementor-divider .elementor-divider-separator>.elementor-divider__svg:last-of-type{flex-grow:0;flex-shrink:100}.elementor-widget-divider--element-align-right .elementor-divider-separator:after{content:none}.elementor-widget-divider--element-align-right .elementor-divider__element{margin-right:0}.elementor-widget-divider--element-align-start .elementor-divider .elementor-divider-separator>.elementor-divider__svg:first-of-type{flex-grow:0;flex-shrink:100}.elementor-widget-divider--element-align-start .elementor-divider-separator:before{content:none}.elementor-widget-divider--element-align-start .elementor-divider__element{margin-inline-start:0}.elementor-widget-divider--element-align-end .elementor-divider .elementor-divider-separator>.elementor-divider__svg:last-of-type{flex-grow:0;flex-shrink:100}.elementor-widget-divider--element-align-end .elementor-divider-separator:after{content:none}.elementor-widget-divider--element-align-end .elementor-divider__element{margin-inline-end:0}.elementor-widget-divider:not(.elementor-widget-divider--view-line_text):not(.elementor-widget-divider--view-line_icon) .elementor-divider-separator{border-block-start:var(--divider-border-width) var(--divider-border-style) var(--divider-color)}.elementor-widget-divider--separator-type-pattern{--divider-border-style:none}.elementor-widget-divider--separator-type-pattern.elementor-widget-divider--view-line .elementor-divider-separator,.elementor-widget-divider--separator-type-pattern:not(.elementor-widget-divider--view-line) .elementor-divider-separator:after,.elementor-widget-divider--separator-type-pattern:not(.elementor-widget-divider--view-line) .elementor-divider-separator:before,.elementor-widget-divider--separator-type-pattern:not([class*=elementor-widget-divider--view]) .elementor-divider-separator{width:100%;min-height:var(--divider-pattern-height);-webkit-mask-size:var(--divider-pattern-size) 100%;mask-size:var(--divider-pattern-size) 100%;-webkit-mask-repeat:var(--divider-pattern-repeat);mask-repeat:var(--divider-pattern-repeat);background-color:var(--divider-color);-webkit-mask-image:var(--divider-pattern-url);mask-image:var(--divider-pattern-url)}.elementor-widget-divider--no-spacing{--divider-pattern-size:auto}.elementor-widget-divider--bg-round{--divider-pattern-repeat:round}.rtl .elementor-widget-divider .elementor-divider__text{direction:rtl}.e-con-inner>.elementor-widget-divider,.e-con>.elementor-widget-divider{width:var(--container-widget-width,100%);--flex-grow:var(--container-widget-flex-grow)}<\/style>\t\t<div class=\"elementor-divider\">\n\t\t\t<span class=\"elementor-divider-separator\">\n\t\t\t\t\t\t<\/span>\n\t\t<\/div>\n\t\t\t\t<\/div>\n\t\t\t\t<\/div>\n\t\t\t\t<div class=\"elementor-element elementor-element-fd3fb8c elementor-widget elementor-widget-heading\" data-id=\"fd3fb8c\" data-element_type=\"widget\" data-widget_type=\"heading.default\">\n\t\t\t\t<div class=\"elementor-widget-container\">\n\t\t\t<style>\/*! elementor - v3.19.0 - 07-02-2024 *\/\n.elementor-heading-title{padding:0;margin:0;line-height:1}.elementor-widget-heading .elementor-heading-title[class*=elementor-size-]>a{color:inherit;font-size:inherit;line-height:inherit}.elementor-widget-heading .elementor-heading-title.elementor-size-small{font-size:15px}.elementor-widget-heading .elementor-heading-title.elementor-size-medium{font-size:19px}.elementor-widget-heading .elementor-heading-title.elementor-size-large{font-size:29px}.elementor-widget-heading .elementor-heading-title.elementor-size-xl{font-size:39px}.elementor-widget-heading .elementor-heading-title.elementor-size-xxl{font-size:59px}<\/style><h2 class=\"elementor-heading-title elementor-size-default\">Objedn\u00e1vka tapety na mobil<\/h2>\t\t<\/div>\n\t\t\t\t<\/div>\n\t\t\t\t<div class=\"elementor-element elementor-element-bc44908 elementor-widget-divider--view-line elementor-widget elementor-widget-divider\" data-id=\"bc44908\" data-element_type=\"widget\" data-widget_type=\"divider.default\">\n\t\t\t\t<div class=\"elementor-widget-container\">\n\t\t\t\t\t<div class=\"elementor-divider\">\n\t\t\t<span class=\"elementor-divider-separator\">\n\t\t\t\t\t\t<\/span>\n\t\t<\/div>\n\t\t\t\t<\/div>\n\t\t\t\t<\/div>\n\t\t\t\t\t<\/div>\n\t\t<\/div>\n\t\t\t\t\t<\/div>\n\t\t<\/section>\n\t\t\t\t<section class=\"elementor-section elementor-top-section elementor-element elementor-element-d3ae1f6 elementor-section-boxed elementor-section-height-default elementor-section-height-default\" data-id=\"d3ae1f6\" data-element_type=\"section\">\n\t\t\t\t\t\t<div class=\"elementor-container elementor-column-gap-default\">\n\t\t\t\t\t<div class=\"elementor-column elementor-col-50 elementor-top-column elementor-element elementor-element-db58de3\" data-id=\"db58de3\" data-element_type=\"column\">\n\t\t\t<div class=\"elementor-widget-wrap elementor-element-populated\">\n\t\t\t\t\t\t<div class=\"elementor-element elementor-element-b9df635 elementor-icon-list--layout-traditional elementor-list-item-link-full_width elementor-widget elementor-widget-icon-list\" data-id=\"b9df635\" data-element_type=\"widget\" data-widget_type=\"icon-list.default\">\n\t\t\t\t<div class=\"elementor-widget-container\">\n\t\t\t<link rel=\"stylesheet\" href=\"https:\/\/ivetanejezchlebova.cz\/wp-content\/plugins\/elementor\/assets\/css\/widget-icon-list.min.css\">\t\t<ul class=\"elementor-icon-list-items\">\n\t\t\t\t\t\t\t<li class=\"elementor-icon-list-item\">\n\t\t\t\t\t\t\t\t\t\t\t<span class=\"elementor-icon-list-icon\">\n\t\t\t\t\t\t\t<i aria-hidden=\"true\" class=\"fas fa-spa\"><\/i>\t\t\t\t\t\t<\/span>\n\t\t\t\t\t\t\t\t\t\t<span class=\"elementor-icon-list-text\">Ano, objedn\u00e1v\u00e1m si sadu tapet na mobil pro kr\u010dn\u00ed \u010dakru<\/span>\n\t\t\t\t\t\t\t\t\t<\/li>\n\t\t\t\t\t\t\t\t<li class=\"elementor-icon-list-item\">\n\t\t\t\t\t\t\t\t\t\t\t<span class=\"elementor-icon-list-icon\">\n\t\t\t\t\t\t\t<i aria-hidden=\"true\" class=\"fas fa-spa\"><\/i>\t\t\t\t\t\t<\/span>\n\t\t\t\t\t\t\t\t\t\t<span class=\"elementor-icon-list-text\">Ano, v\u00edm, \u017ee mi produkt p\u0159\u00edjde v digit\u00e1ln\u00ed podob\u011b na mnou zadan\u00fd email<\/span>\n\t\t\t\t\t\t\t\t\t<\/li>\n\t\t\t\t\t\t<\/ul>\n\t\t\t\t<\/div>\n\t\t\t\t<\/div>\n\t\t\t\t\t<\/div>\n\t\t<\/div>\n\t\t\t\t<div class=\"elementor-column elementor-col-50 elementor-top-column elementor-element elementor-element-168e6d8\" data-id=\"168e6d8\" data-element_type=\"column\">\n\t\t\t<div class=\"elementor-widget-wrap elementor-element-populated\">\n\t\t\t\t\t\t<div class=\"elementor-element elementor-element-5c610f7 elementor-widget elementor-widget-image\" data-id=\"5c610f7\" data-element_type=\"widget\" data-widget_type=\"image.default\">\n\t\t\t\t<div class=\"elementor-widget-container\">\n\t\t\t<style>\/*! elementor - v3.19.0 - 07-02-2024 *\/\n.elementor-widget-image{text-align:center}.elementor-widget-image a{display:inline-block}.elementor-widget-image a img[src$=\".svg\"]{width:48px}.elementor-widget-image img{vertical-align:middle;display:inline-block}<\/style>\t\t\t\t\t\t\t\t\t\t<img fetchpriority=\"high\" decoding=\"async\" width=\"940\" height=\"788\" src=\"https:\/\/ivetanejezchlebova.cz\/wp-content\/uploads\/2022\/04\/5.jpg\" class=\"attachment-large size-large wp-image-2884\" alt=\"\" srcset=\"https:\/\/ivetanejezchlebova.cz\/wp-content\/uploads\/2022\/04\/5.jpg 940w, https:\/\/ivetanejezchlebova.cz\/wp-content\/uploads\/2022\/04\/5-300x251.jpg 300w, https:\/\/ivetanejezchlebova.cz\/wp-content\/uploads\/2022\/04\/5-768x644.jpg 768w\" sizes=\"(max-width: 940px) 100vw, 940px\" \/>\t\t\t\t\t\t\t\t\t\t\t\t\t<\/div>\n\t\t\t\t<\/div>\n\t\t\t\t\t<\/div>\n\t\t<\/div>\n\t\t\t\t\t<\/div>\n\t\t<\/section>\n\t\t\t\t<section class=\"elementor-section elementor-top-section elementor-element elementor-element-b36c53f elementor-section-boxed elementor-section-height-default elementor-section-height-default\" data-id=\"b36c53f\" data-element_type=\"section\">\n\t\t\t\t\t\t<div class=\"elementor-container elementor-column-gap-default\">\n\t\t\t\t\t<div class=\"elementor-column elementor-col-100 elementor-top-column elementor-element elementor-element-ad3417b\" data-id=\"ad3417b\" data-element_type=\"column\">\n\t\t\t<div class=\"elementor-widget-wrap elementor-element-populated\">\n\t\t\t\t\t\t<div class=\"elementor-element elementor-element-f9517f4 elementor-widget elementor-widget-html\" data-id=\"f9517f4\" data-element_type=\"widget\" data-widget_type=\"html.default\">\n\t\t\t\t<div class=\"elementor-widget-container\">\n\t\t\t\n<!-- www.SimpleShop.cz form#46443 start -->\n<script>\n (function(i, s, o, g, r, a, m){\n  i[r] = i[r] || function(){\n   (i[r].q = i[r].q || []).push(arguments)\n  }, i[r].l = 1 * new Date();\n  a = s.createElement(o),\n  m = s.getElementsByTagName(o)[0];\n  a.async = 1;\n  a.src = g;\n  m.parentNode.insertBefore(a, m)\n })(window, document, \"script\", \"https:\/\/form.simpleshop.cz\/prj\/js\/SimpleShopService.js\", \"sss\");\n sss(\"createForm\", \"Q6R6\");\n<\/script>\n<div data-SimpleShopForm=\"Q6R6\"><div>Prodejn\u00ed formul\u00e1\u0159 je vytvo\u0159en v syst\u00e9mu <a href=\"https:\/\/www.simpleshop.cz\/\" target=\"_blank\">SimpleShop.cz<\/a>.<\/div><\/div>\n<!-- www.SimpleShop.cz form#46443 end -->\n\t\t<\/div>\n\t\t\t\t<\/div>\n\t\t\t\t\t<\/div>\n\t\t<\/div>\n\t\t\t\t\t<\/div>\n\t\t<\/section>\n\t\t\t\t<\/div>\n\t\t","protected":false},"excerpt":{"rendered":"<p>Objedn\u00e1vka tapety na mobil Ano, objedn\u00e1v\u00e1m si sadu tapet na mobil pro kr\u010dn\u00ed \u010dakru Ano, v\u00edm, \u017ee mi produkt p\u0159\u00edjde v digit\u00e1ln\u00ed podob\u011b na mnou zadan\u00fd email Prodejn\u00ed formul\u00e1\u0159 je vytvo\u0159en v syst\u00e9mu SimpleShop.cz.<\/p>\n","protected":false},"author":1,"featured_media":2884,"parent":0,"menu_order":0,"comment_status":"closed","ping_status":"closed","template":"","meta":{"_uag_custom_page_level_css":"","site-sidebar-layout":"no-sidebar","site-content-layout":"page-builder","ast-site-content-layout":"","site-content-style":"default","site-sidebar-style":"default","ast-global-header-display":"","ast-banner-title-visibility":"","ast-main-header-display":"","ast-hfb-above-header-display":"","ast-hfb-below-header-display":"","ast-hfb-mobile-header-display":"","site-post-title":"disabled","ast-breadcrumbs-content":"","ast-featured-img":"disabled","footer-sml-layout":"","theme-transparent-header-meta":"default","adv-header-id-meta":"","stick-header-meta":"","header-above-stick-meta":"","header-main-stick-meta":"","header-below-stick-meta":"","astra-migrate-meta-layouts":"default","ast-page-background-enabled":"default","ast-page-background-meta":{"desktop":{"background-color":"","background-image":"","background-repeat":"repeat","background-position":"center center","background-size":"auto","background-attachment":"scroll","background-type":"","background-media":"","overlay-type":"","overlay-color":"","overlay-opacity":"","overlay-gradient":""},"tablet":{"background-color":"","background-image":"","background-repeat":"repeat","background-position":"center center","background-size":"auto","background-attachment":"scroll","background-type":"","background-media":"","overlay-type":"","overlay-color":"","overlay-opacity":"","overlay-gradient":""},"mobile":{"background-color":"","background-image":"","background-repeat":"repeat","background-position":"center center","background-size":"auto","background-attachment":"scroll","background-type":"","background-media":"","overlay-type":"","overlay-color":"","overlay-opacity":"","overlay-gradient":""}},"ast-content-background-meta":{"desktop":{"background-color":"var(--ast-global-color-5)","background-image":"","background-repeat":"repeat","background-position":"center center","background-size":"auto","background-attachment":"scroll","background-type":"","background-media":"","overlay-type":"","overlay-color":"","overlay-opacity":"","overlay-gradient":""},"tablet":{"background-color":"var(--ast-global-color-5)","background-image":"","background-repeat":"repeat","background-position":"center center","background-size":"auto","background-attachment":"scroll","background-type":"","background-media":"","overlay-type":"","overlay-color":"","overlay-opacity":"","overlay-gradient":""},"mobile":{"background-color":"var(--ast-global-color-5)","background-image":"","background-repeat":"repeat","background-position":"center center","background-size":"auto","background-attachment":"scroll","background-type":"","background-media":"","overlay-type":"","overlay-color":"","overlay-opacity":"","overlay-gradient":""}},"footnotes":""},"class_list":["post-2942","page","type-page","status-publish","has-post-thumbnail","hentry"],"yoast_head":"<!-- This site is optimized with the Yoast SEO plugin v22.0 - https:\/\/yoast.com\/wordpress\/plugins\/seo\/ -->\n<title>tapety na mobil - kr\u010dn\u00ed \u010dakra - Iveta Nejezchlebova<\/title>\n<meta name=\"robots\" content=\"index, follow, max-snippet:-1, max-image-preview:large, max-video-preview:-1\" \/>\n<link rel=\"canonical\" href=\"https:\/\/ivetanejezchlebova.cz\/home\/tapety-na-mobil-krcni-cakra\/\" \/>\n<meta property=\"og:locale\" content=\"cs_CZ\" \/>\n<meta property=\"og:type\" content=\"article\" \/>\n<meta property=\"og:title\" content=\"tapety na mobil - kr\u010dn\u00ed \u010dakra - Iveta Nejezchlebova\" \/>\n<meta property=\"og:description\" content=\"Objedn\u00e1vka tapety na mobil Ano, objedn\u00e1v\u00e1m si sadu tapet na mobil pro kr\u010dn\u00ed \u010dakru Ano, v\u00edm, \u017ee mi produkt p\u0159\u00edjde v digit\u00e1ln\u00ed podob\u011b na mnou zadan\u00fd email Prodejn\u00ed formul\u00e1\u0159 je vytvo\u0159en v syst\u00e9mu SimpleShop.cz.\" \/>\n<meta property=\"og:url\" content=\"https:\/\/ivetanejezchlebova.cz\/home\/tapety-na-mobil-krcni-cakra\/\" \/>\n<meta property=\"og:site_name\" content=\"Iveta Nejezchlebova\" \/>\n<meta property=\"article:publisher\" content=\"https:\/\/www.facebook.com\/bohynevlese\/\" \/>\n<meta property=\"article:modified_time\" content=\"2022-04-09T21:39:56+00:00\" \/>\n<meta property=\"og:image\" content=\"https:\/\/ivetanejezchlebova.cz\/wp-content\/uploads\/2022\/04\/5.jpg\" \/>\n\t<meta property=\"og:image:width\" content=\"940\" \/>\n\t<meta property=\"og:image:height\" content=\"788\" \/>\n\t<meta property=\"og:image:type\" content=\"image\/jpeg\" \/>\n<meta name=\"twitter:card\" content=\"summary_large_image\" \/>\n<script type=\"application\/ld+json\" class=\"yoast-schema-graph\">{\"@context\":\"https:\/\/schema.org\",\"@graph\":[{\"@type\":\"WebPage\",\"@id\":\"https:\/\/ivetanejezchlebova.cz\/home\/tapety-na-mobil-krcni-cakra\/\",\"url\":\"https:\/\/ivetanejezchlebova.cz\/home\/tapety-na-mobil-krcni-cakra\/\",\"name\":\"tapety na mobil - kr\u010dn\u00ed \u010dakra - Iveta Nejezchlebova\",\"isPartOf\":{\"@id\":\"https:\/\/ivetanejezchlebova.cz\/home\/#website\"},\"datePublished\":\"2022-04-09T21:22:30+00:00\",\"dateModified\":\"2022-04-09T21:39:56+00:00\",\"breadcrumb\":{\"@id\":\"https:\/\/ivetanejezchlebova.cz\/home\/tapety-na-mobil-krcni-cakra\/#breadcrumb\"},\"inLanguage\":\"cs\",\"potentialAction\":[{\"@type\":\"ReadAction\",\"target\":[\"https:\/\/ivetanejezchlebova.cz\/home\/tapety-na-mobil-krcni-cakra\/\"]}]},{\"@type\":\"BreadcrumbList\",\"@id\":\"https:\/\/ivetanejezchlebova.cz\/home\/tapety-na-mobil-krcni-cakra\/#breadcrumb\",\"itemListElement\":[{\"@type\":\"ListItem\",\"position\":1,\"name\":\"Dom\u016f\",\"item\":\"https:\/\/ivetanejezchlebova.cz\/home\/\"},{\"@type\":\"ListItem\",\"position\":2,\"name\":\"tapety na mobil &#8211; kr\u010dn\u00ed \u010dakra\"}]},{\"@type\":\"WebSite\",\"@id\":\"https:\/\/ivetanejezchlebova.cz\/home\/#website\",\"url\":\"https:\/\/ivetanejezchlebova.cz\/home\/\",\"name\":\"Iveta Nejezchlebova\",\"description\":\"\",\"publisher\":{\"@id\":\"https:\/\/ivetanejezchlebova.cz\/home\/#organization\"},\"potentialAction\":[{\"@type\":\"SearchAction\",\"target\":{\"@type\":\"EntryPoint\",\"urlTemplate\":\"https:\/\/ivetanejezchlebova.cz\/home\/?s={search_term_string}\"},\"query-input\":\"required name=search_term_string\"}],\"inLanguage\":\"cs\"},{\"@type\":\"Organization\",\"@id\":\"https:\/\/ivetanejezchlebova.cz\/home\/#organization\",\"name\":\"Iveta Nejezchlebova\",\"url\":\"https:\/\/ivetanejezchlebova.cz\/home\/\",\"logo\":{\"@type\":\"ImageObject\",\"inLanguage\":\"cs\",\"@id\":\"https:\/\/ivetanejezchlebova.cz\/home\/#\/schema\/logo\/image\/\",\"url\":\"https:\/\/ivetanejezchlebova.cz\/wp-content\/uploads\/2025\/03\/cropped-webovka.png\",\"contentUrl\":\"https:\/\/ivetanejezchlebova.cz\/wp-content\/uploads\/2025\/03\/cropped-webovka.png\",\"width\":1920,\"height\":640,\"caption\":\"Iveta Nejezchlebova\"},\"image\":{\"@id\":\"https:\/\/ivetanejezchlebova.cz\/home\/#\/schema\/logo\/image\/\"},\"sameAs\":[\"https:\/\/www.facebook.com\/bohynevlese\/\",\"https:\/\/www.instagram.com\/bohynevlese\/\"]}]}<\/script>\n<!-- \/ Yoast SEO plugin. -->","yoast_head_json":{"title":"tapety na mobil - kr\u010dn\u00ed \u010dakra - Iveta Nejezchlebova","robots":{"index":"index","follow":"follow","max-snippet":"max-snippet:-1","max-image-preview":"max-image-preview:large","max-video-preview":"max-video-preview:-1"},"canonical":"https:\/\/ivetanejezchlebova.cz\/home\/tapety-na-mobil-krcni-cakra\/","og_locale":"cs_CZ","og_type":"article","og_title":"tapety na mobil - kr\u010dn\u00ed \u010dakra - Iveta Nejezchlebova","og_description":"Objedn\u00e1vka tapety na mobil Ano, objedn\u00e1v\u00e1m si sadu tapet na mobil pro kr\u010dn\u00ed \u010dakru Ano, v\u00edm, \u017ee mi produkt p\u0159\u00edjde v digit\u00e1ln\u00ed podob\u011b na mnou zadan\u00fd email Prodejn\u00ed formul\u00e1\u0159 je vytvo\u0159en v syst\u00e9mu SimpleShop.cz.","og_url":"https:\/\/ivetanejezchlebova.cz\/home\/tapety-na-mobil-krcni-cakra\/","og_site_name":"Iveta Nejezchlebova","article_publisher":"https:\/\/www.facebook.com\/bohynevlese\/","article_modified_time":"2022-04-09T21:39:56+00:00","og_image":[{"width":940,"height":788,"url":"https:\/\/ivetanejezchlebova.cz\/wp-content\/uploads\/2022\/04\/5.jpg","type":"image\/jpeg"}],"twitter_card":"summary_large_image","schema":{"@context":"https:\/\/schema.org","@graph":[{"@type":"WebPage","@id":"https:\/\/ivetanejezchlebova.cz\/home\/tapety-na-mobil-krcni-cakra\/","url":"https:\/\/ivetanejezchlebova.cz\/home\/tapety-na-mobil-krcni-cakra\/","name":"tapety na mobil - kr\u010dn\u00ed \u010dakra - Iveta Nejezchlebova","isPartOf":{"@id":"https:\/\/ivetanejezchlebova.cz\/home\/#website"},"datePublished":"2022-04-09T21:22:30+00:00","dateModified":"2022-04-09T21:39:56+00:00","breadcrumb":{"@id":"https:\/\/ivetanejezchlebova.cz\/home\/tapety-na-mobil-krcni-cakra\/#breadcrumb"},"inLanguage":"cs","potentialAction":[{"@type":"ReadAction","target":["https:\/\/ivetanejezchlebova.cz\/home\/tapety-na-mobil-krcni-cakra\/"]}]},{"@type":"BreadcrumbList","@id":"https:\/\/ivetanejezchlebova.cz\/home\/tapety-na-mobil-krcni-cakra\/#breadcrumb","itemListElement":[{"@type":"ListItem","position":1,"name":"Dom\u016f","item":"https:\/\/ivetanejezchlebova.cz\/home\/"},{"@type":"ListItem","position":2,"name":"tapety na mobil &#8211; kr\u010dn\u00ed \u010dakra"}]},{"@type":"WebSite","@id":"https:\/\/ivetanejezchlebova.cz\/home\/#website","url":"https:\/\/ivetanejezchlebova.cz\/home\/","name":"Iveta Nejezchlebova","description":"","publisher":{"@id":"https:\/\/ivetanejezchlebova.cz\/home\/#organization"},"potentialAction":[{"@type":"SearchAction","target":{"@type":"EntryPoint","urlTemplate":"https:\/\/ivetanejezchlebova.cz\/home\/?s={search_term_string}"},"query-input":"required name=search_term_string"}],"inLanguage":"cs"},{"@type":"Organization","@id":"https:\/\/ivetanejezchlebova.cz\/home\/#organization","name":"Iveta Nejezchlebova","url":"https:\/\/ivetanejezchlebova.cz\/home\/","logo":{"@type":"ImageObject","inLanguage":"cs","@id":"https:\/\/ivetanejezchlebova.cz\/home\/#\/schema\/logo\/image\/","url":"https:\/\/ivetanejezchlebova.cz\/wp-content\/uploads\/2025\/03\/cropped-webovka.png","contentUrl":"https:\/\/ivetanejezchlebova.cz\/wp-content\/uploads\/2025\/03\/cropped-webovka.png","width":1920,"height":640,"caption":"Iveta Nejezchlebova"},"image":{"@id":"https:\/\/ivetanejezchlebova.cz\/home\/#\/schema\/logo\/image\/"},"sameAs":["https:\/\/www.facebook.com\/bohynevlese\/","https:\/\/www.instagram.com\/bohynevlese\/"]}]}},"uagb_featured_image_src":{"full":["https:\/\/ivetanejezchlebova.cz\/wp-content\/uploads\/2022\/04\/5.jpg",940,788,false],"thumbnail":["https:\/\/ivetanejezchlebova.cz\/wp-content\/uploads\/2022\/04\/5-150x150.jpg",150,150,true],"medium":["https:\/\/ivetanejezchlebova.cz\/wp-content\/uploads\/2022\/04\/5-300x251.jpg",300,251,true],"medium_large":["https:\/\/ivetanejezchlebova.cz\/wp-content\/uploads\/2022\/04\/5-768x644.jpg",768,644,true],"large":["https:\/\/ivetanejezchlebova.cz\/wp-content\/uploads\/2022\/04\/5.jpg",940,788,false],"1536x1536":["https:\/\/ivetanejezchlebova.cz\/wp-content\/uploads\/2022\/04\/5.jpg",940,788,false],"2048x2048":["https:\/\/ivetanejezchlebova.cz\/wp-content\/uploads\/2022\/04\/5.jpg",940,788,false]},"uagb_author_info":{"display_name":"admin","author_link":"https:\/\/ivetanejezchlebova.cz\/home\/author\/admin\/"},"uagb_comment_info":0,"uagb_excerpt":"Objedn\u00e1vka tapety na mobil Ano, objedn\u00e1v\u00e1m si sadu tapet na mobil pro kr\u010dn\u00ed \u010dakru Ano, v\u00edm, \u017ee mi produkt p\u0159\u00edjde v digit\u00e1ln\u00ed podob\u011b na mnou zadan\u00fd email Prodejn\u00ed formul\u00e1\u0159 je vytvo\u0159en v syst\u00e9mu SimpleShop.cz.","_links":{"self":[{"href":"https:\/\/ivetanejezchlebova.cz\/home\/wp-json\/wp\/v2\/pages\/2942","targetHints":{"allow":["GET"]}}],"collection":[{"href":"https:\/\/ivetanejezchlebova.cz\/home\/wp-json\/wp\/v2\/pages"}],"about":[{"href":"https:\/\/ivetanejezchlebova.cz\/home\/wp-json\/wp\/v2\/types\/page"}],"author":[{"embeddable":true,"href":"https:\/\/ivetanejezchlebova.cz\/home\/wp-json\/wp\/v2\/users\/1"}],"replies":[{"embeddable":true,"href":"https:\/\/ivetanejezchlebova.cz\/home\/wp-json\/wp\/v2\/comments?post=2942"}],"version-history":[{"count":7,"href":"https:\/\/ivetanejezchlebova.cz\/home\/wp-json\/wp\/v2\/pages\/2942\/revisions"}],"predecessor-version":[{"id":2962,"href":"https:\/\/ivetanejezchlebova.cz\/home\/wp-json\/wp\/v2\/pages\/2942\/revisions\/2962"}],"wp:featuredmedia":[{"embeddable":true,"href":"https:\/\/ivetanejezchlebova.cz\/home\/wp-json\/wp\/v2\/media\/2884"}],"wp:attachment":[{"href":"https:\/\/ivetanejezchlebova.cz\/home\/wp-json\/wp\/v2\/media?parent=2942"}],"curies":[{"name":"wp","href":"https:\/\/api.w.org\/{rel}","templated":true}]}}