{"id":3017,"date":"2022-04-13T19:04:11","date_gmt":"2022-04-13T19:04:11","guid":{"rendered":"https:\/\/ivetanejezchlebova.cz\/home\/?page_id=3017"},"modified":"2022-05-06T12:17:55","modified_gmt":"2022-05-06T12:17:55","slug":"checklist-zdarma","status":"publish","type":"page","link":"https:\/\/ivetanejezchlebova.cz\/home\/checklist-zdarma\/","title":{"rendered":"checklist zdarma"},"content":{"rendered":"\t\t<div data-elementor-type=\"wp-page\" data-elementor-id=\"3017\" class=\"elementor elementor-3017\">\n\t\t\t\t\t\t<section class=\"elementor-section elementor-top-section elementor-element elementor-element-a4c8a36 elementor-section-boxed elementor-section-height-default elementor-section-height-default\" data-id=\"a4c8a36\" data-element_type=\"section\">\n\t\t\t\t\t\t<div class=\"elementor-container elementor-column-gap-default\">\n\t\t\t\t\t<div class=\"elementor-column elementor-col-100 elementor-top-column elementor-element elementor-element-2c281ce\" data-id=\"2c281ce\" data-element_type=\"column\">\n\t\t\t<div class=\"elementor-widget-wrap elementor-element-populated\">\n\t\t\t\t\t\t<div class=\"elementor-element elementor-element-e004243 elementor-widget elementor-widget-spacer\" data-id=\"e004243\" data-element_type=\"widget\" data-widget_type=\"spacer.default\">\n\t\t\t\t<div class=\"elementor-widget-container\">\n\t\t\t<style>\/*! elementor - v3.19.0 - 07-02-2024 *\/\n.elementor-column .elementor-spacer-inner{height:var(--spacer-size)}.e-con{--container-widget-width:100%}.e-con-inner>.elementor-widget-spacer,.e-con>.elementor-widget-spacer{width:var(--container-widget-width,var(--spacer-size));--align-self:var(--container-widget-align-self,initial);--flex-shrink:0}.e-con-inner>.elementor-widget-spacer>.elementor-widget-container,.e-con>.elementor-widget-spacer>.elementor-widget-container{height:100%;width:100%}.e-con-inner>.elementor-widget-spacer>.elementor-widget-container>.elementor-spacer,.e-con>.elementor-widget-spacer>.elementor-widget-container>.elementor-spacer{height:100%}.e-con-inner>.elementor-widget-spacer>.elementor-widget-container>.elementor-spacer>.elementor-spacer-inner,.e-con>.elementor-widget-spacer>.elementor-widget-container>.elementor-spacer>.elementor-spacer-inner{height:var(--container-widget-height,var(--spacer-size))}.e-con-inner>.elementor-widget-spacer.elementor-widget-empty,.e-con>.elementor-widget-spacer.elementor-widget-empty{position:relative;min-height:22px;min-width:22px}.e-con-inner>.elementor-widget-spacer.elementor-widget-empty .elementor-widget-empty-icon,.e-con>.elementor-widget-spacer.elementor-widget-empty .elementor-widget-empty-icon{position:absolute;top:0;bottom:0;left:0;right:0;margin:auto;padding:0;width:22px;height:22px}<\/style>\t\t<div class=\"elementor-spacer\">\n\t\t\t<div class=\"elementor-spacer-inner\"><\/div>\n\t\t<\/div>\n\t\t\t\t<\/div>\n\t\t\t\t<\/div>\n\t\t\t\t<div class=\"elementor-element elementor-element-34dbeff elementor-widget elementor-widget-heading\" data-id=\"34dbeff\" data-element_type=\"widget\" data-widget_type=\"heading.default\">\n\t\t\t\t<div class=\"elementor-widget-container\">\n\t\t\t<style>\/*! elementor - v3.19.0 - 07-02-2024 *\/\n.elementor-heading-title{padding:0;margin:0;line-height:1}.elementor-widget-heading .elementor-heading-title[class*=elementor-size-]>a{color:inherit;font-size:inherit;line-height:inherit}.elementor-widget-heading .elementor-heading-title.elementor-size-small{font-size:15px}.elementor-widget-heading .elementor-heading-title.elementor-size-medium{font-size:19px}.elementor-widget-heading .elementor-heading-title.elementor-size-large{font-size:29px}.elementor-widget-heading .elementor-heading-title.elementor-size-xl{font-size:39px}.elementor-widget-heading .elementor-heading-title.elementor-size-xxl{font-size:59px}<\/style><h2 class=\"elementor-heading-title elementor-size-default\">Checklist k ritu\u00e1l\u016fm novolun\u00ed a \u00fapl\u0148k\u016f zdarma<\/h2>\t\t<\/div>\n\t\t\t\t<\/div>\n\t\t\t\t<div class=\"elementor-element elementor-element-1b490f7 elementor-widget elementor-widget-spacer\" data-id=\"1b490f7\" data-element_type=\"widget\" data-widget_type=\"spacer.default\">\n\t\t\t\t<div class=\"elementor-widget-container\">\n\t\t\t\t\t<div class=\"elementor-spacer\">\n\t\t\t<div class=\"elementor-spacer-inner\"><\/div>\n\t\t<\/div>\n\t\t\t\t<\/div>\n\t\t\t\t<\/div>\n\t\t\t\t<div class=\"elementor-element elementor-element-a4044c6 elementor-widget elementor-widget-image\" data-id=\"a4044c6\" data-element_type=\"widget\" data-widget_type=\"image.default\">\n\t\t\t\t<div class=\"elementor-widget-container\">\n\t\t\t<style>\/*! elementor - v3.19.0 - 07-02-2024 *\/\n.elementor-widget-image{text-align:center}.elementor-widget-image a{display:inline-block}.elementor-widget-image a img[src$=\".svg\"]{width:48px}.elementor-widget-image img{vertical-align:middle;display:inline-block}<\/style>\t\t\t\t\t\t\t\t\t\t<img decoding=\"async\" width=\"500\" height=\"70\" src=\"https:\/\/ivetanejezchlebova.cz\/wp-content\/uploads\/2022\/03\/Bez-nazvu-940-x-50-px-500-x-70-px.png\" class=\"attachment-large size-large wp-image-2774\" alt=\"\" srcset=\"https:\/\/ivetanejezchlebova.cz\/wp-content\/uploads\/2022\/03\/Bez-nazvu-940-x-50-px-500-x-70-px.png 500w, https:\/\/ivetanejezchlebova.cz\/wp-content\/uploads\/2022\/03\/Bez-nazvu-940-x-50-px-500-x-70-px-300x42.png 300w\" sizes=\"(max-width: 500px) 100vw, 500px\" \/>\t\t\t\t\t\t\t\t\t\t\t\t\t<\/div>\n\t\t\t\t<\/div>\n\t\t\t\t<div class=\"elementor-element elementor-element-02ae13b elementor-widget elementor-widget-spacer\" data-id=\"02ae13b\" data-element_type=\"widget\" data-widget_type=\"spacer.default\">\n\t\t\t\t<div class=\"elementor-widget-container\">\n\t\t\t\t\t<div class=\"elementor-spacer\">\n\t\t\t<div class=\"elementor-spacer-inner\"><\/div>\n\t\t<\/div>\n\t\t\t\t<\/div>\n\t\t\t\t<\/div>\n\t\t\t\t\t<\/div>\n\t\t<\/div>\n\t\t\t\t\t<\/div>\n\t\t<\/section>\n\t\t\t\t<section class=\"elementor-section elementor-top-section elementor-element elementor-element-785e45c elementor-section-boxed elementor-section-height-default elementor-section-height-default\" data-id=\"785e45c\" data-element_type=\"section\">\n\t\t\t\t\t\t<div class=\"elementor-container elementor-column-gap-default\">\n\t\t\t\t\t<div class=\"elementor-column elementor-col-50 elementor-top-column elementor-element elementor-element-3ce1bbe\" data-id=\"3ce1bbe\" data-element_type=\"column\">\n\t\t\t<div class=\"elementor-widget-wrap elementor-element-populated\">\n\t\t\t\t\t\t<div class=\"elementor-element elementor-element-7c0ae8e elementor-widget elementor-widget-image\" data-id=\"7c0ae8e\" data-element_type=\"widget\" data-widget_type=\"image.default\">\n\t\t\t\t<div class=\"elementor-widget-container\">\n\t\t\t\t\t\t\t\t\t\t\t\t\t<img fetchpriority=\"high\" decoding=\"async\" width=\"727\" height=\"1024\" src=\"https:\/\/ivetanejezchlebova.cz\/wp-content\/uploads\/2022\/04\/Kopie-navrhu-Novoluni-1-727x1024.png\" class=\"attachment-large size-large wp-image-3009\" alt=\"\" srcset=\"https:\/\/ivetanejezchlebova.cz\/wp-content\/uploads\/2022\/04\/Kopie-navrhu-Novoluni-1-727x1024.png 727w, https:\/\/ivetanejezchlebova.cz\/wp-content\/uploads\/2022\/04\/Kopie-navrhu-Novoluni-1-213x300.png 213w, https:\/\/ivetanejezchlebova.cz\/wp-content\/uploads\/2022\/04\/Kopie-navrhu-Novoluni-1-768x1082.png 768w, https:\/\/ivetanejezchlebova.cz\/wp-content\/uploads\/2022\/04\/Kopie-navrhu-Novoluni-1-1090x1536.png 1090w, https:\/\/ivetanejezchlebova.cz\/wp-content\/uploads\/2022\/04\/Kopie-navrhu-Novoluni-1.png 1419w\" sizes=\"(max-width: 727px) 100vw, 727px\" \/>\t\t\t\t\t\t\t\t\t\t\t\t\t<\/div>\n\t\t\t\t<\/div>\n\t\t\t\t\t<\/div>\n\t\t<\/div>\n\t\t\t\t<div class=\"elementor-column elementor-col-50 elementor-top-column elementor-element elementor-element-e4d2c92\" data-id=\"e4d2c92\" data-element_type=\"column\">\n\t\t\t<div class=\"elementor-widget-wrap elementor-element-populated\">\n\t\t\t\t\t\t<div class=\"elementor-element elementor-element-feee5ca elementor-widget elementor-widget-text-editor\" data-id=\"feee5ca\" data-element_type=\"widget\" data-widget_type=\"text-editor.default\">\n\t\t\t\t<div class=\"elementor-widget-container\">\n\t\t\t<style>\/*! elementor - v3.19.0 - 07-02-2024 *\/\n.elementor-widget-text-editor.elementor-drop-cap-view-stacked .elementor-drop-cap{background-color:#69727d;color:#fff}.elementor-widget-text-editor.elementor-drop-cap-view-framed .elementor-drop-cap{color:#69727d;border:3px solid;background-color:transparent}.elementor-widget-text-editor:not(.elementor-drop-cap-view-default) .elementor-drop-cap{margin-top:8px}.elementor-widget-text-editor:not(.elementor-drop-cap-view-default) .elementor-drop-cap-letter{width:1em;height:1em}.elementor-widget-text-editor .elementor-drop-cap{float:left;text-align:center;line-height:1;font-size:50px}.elementor-widget-text-editor .elementor-drop-cap-letter{display:inline-block}<\/style>\t\t\t\t<p>St\u00e1le se v\u00e1m neda\u0159\u00ed zapamatovat si, co v\u0161e d\u011blat v obdob\u00ed novolun\u00ed? A co p\u0159i \u00fapl\u0148ku?<\/p><p>Sestavila jsem jednoduch\u00fd kr\u00e1sn\u011b zpracov\u00e1ny checklist s p\u0159ehledem toho z\u00e1kladn\u00edho.<\/p><p>St\u00e1hn\u011bte si jej, vylepte na lednici\/do di\u00e1\u0159e a ji\u017e nemus\u00edte t\u00e1pat!<\/p><p>Sou\u010d\u00e1st\u00ed jsou tak\u00e9 voln\u00e9 str\u00e1nky ve stejn\u00e9m designu, kde si m\u016f\u017eete sestavit ritu\u00e1l p\u0159esn\u011b na m\u00edru va\u0161im pot\u0159eb\u00e1m.<\/p><p>V\u010cETN\u011a SEZNAMU \u00daPL\u0147K\u016e A NOVOLUN\u00cd NA ROK 2022!<\/p>\t\t\t\t\t\t<\/div>\n\t\t\t\t<\/div>\n\t\t\t\t\t<\/div>\n\t\t<\/div>\n\t\t\t\t\t<\/div>\n\t\t<\/section>\n\t\t\t\t<section class=\"elementor-section elementor-top-section elementor-element elementor-element-29b31c3 elementor-section-boxed elementor-section-height-default elementor-section-height-default\" data-id=\"29b31c3\" data-element_type=\"section\">\n\t\t\t\t\t\t<div class=\"elementor-container elementor-column-gap-default\">\n\t\t\t\t\t<div class=\"elementor-column elementor-col-50 elementor-top-column elementor-element elementor-element-01ae245\" data-id=\"01ae245\" data-element_type=\"column\">\n\t\t\t<div class=\"elementor-widget-wrap elementor-element-populated\">\n\t\t\t\t\t\t<div class=\"elementor-element elementor-element-905ef4d elementor-widget elementor-widget-image\" data-id=\"905ef4d\" data-element_type=\"widget\" data-widget_type=\"image.default\">\n\t\t\t\t<div class=\"elementor-widget-container\">\n\t\t\t\t\t\t\t\t\t\t\t\t\t<img decoding=\"async\" width=\"727\" height=\"1024\" src=\"https:\/\/ivetanejezchlebova.cz\/wp-content\/uploads\/2022\/04\/Kopie-navrhu-Novoluni-2-727x1024.png\" class=\"attachment-large size-large wp-image-3036\" alt=\"\" srcset=\"https:\/\/ivetanejezchlebova.cz\/wp-content\/uploads\/2022\/04\/Kopie-navrhu-Novoluni-2-727x1024.png 727w, https:\/\/ivetanejezchlebova.cz\/wp-content\/uploads\/2022\/04\/Kopie-navrhu-Novoluni-2-213x300.png 213w, https:\/\/ivetanejezchlebova.cz\/wp-content\/uploads\/2022\/04\/Kopie-navrhu-Novoluni-2-768x1082.png 768w, https:\/\/ivetanejezchlebova.cz\/wp-content\/uploads\/2022\/04\/Kopie-navrhu-Novoluni-2-1090x1536.png 1090w, https:\/\/ivetanejezchlebova.cz\/wp-content\/uploads\/2022\/04\/Kopie-navrhu-Novoluni-2.png 1419w\" sizes=\"(max-width: 727px) 100vw, 727px\" \/>\t\t\t\t\t\t\t\t\t\t\t\t\t<\/div>\n\t\t\t\t<\/div>\n\t\t\t\t\t<\/div>\n\t\t<\/div>\n\t\t\t\t<div class=\"elementor-column elementor-col-50 elementor-top-column elementor-element elementor-element-be00886\" data-id=\"be00886\" data-element_type=\"column\">\n\t\t\t<div class=\"elementor-widget-wrap elementor-element-populated\">\n\t\t\t\t\t\t<div class=\"elementor-element elementor-element-ef50ef8 elementor-widget elementor-widget-wp-widget-mailerlite_widget\" data-id=\"ef50ef8\" data-element_type=\"widget\" data-widget_type=\"wp-widget-mailerlite_widget.default\">\n\t\t\t\t<div class=\"elementor-widget-container\">\n\t\t\t                <div class=\"ml-embedded\" data-form=\"HR9kJi\"><\/div>\n            \t\t<\/div>\n\t\t\t\t<\/div>\n\t\t\t\t\t<\/div>\n\t\t<\/div>\n\t\t\t\t\t<\/div>\n\t\t<\/section>\n\t\t\t\t<\/div>\n\t\t","protected":false},"excerpt":{"rendered":"<p>Checklist k ritu\u00e1l\u016fm novolun\u00ed a \u00fapl\u0148k\u016f zdarma St\u00e1le se v\u00e1m neda\u0159\u00ed zapamatovat si, co v\u0161e d\u011blat v obdob\u00ed novolun\u00ed? A co p\u0159i \u00fapl\u0148ku? Sestavila jsem jednoduch\u00fd kr\u00e1sn\u011b zpracov\u00e1ny checklist s p\u0159ehledem toho z\u00e1kladn\u00edho. St\u00e1hn\u011bte si jej, vylepte na lednici\/do di\u00e1\u0159e a ji\u017e nemus\u00edte t\u00e1pat! Sou\u010d\u00e1st\u00ed jsou tak\u00e9 voln\u00e9 str\u00e1nky ve stejn\u00e9m designu, kde si m\u016f\u017eete [&hellip;]<\/p>\n","protected":false},"author":1,"featured_media":3009,"parent":0,"menu_order":0,"comment_status":"closed","ping_status":"closed","template":"","meta":{"_uag_custom_page_level_css":"","site-sidebar-layout":"no-sidebar","site-content-layout":"page-builder","ast-site-content-layout":"","site-content-style":"default","site-sidebar-style":"default","ast-global-header-display":"","ast-banner-title-visibility":"","ast-main-header-display":"","ast-hfb-above-header-display":"","ast-hfb-below-header-display":"","ast-hfb-mobile-header-display":"","site-post-title":"disabled","ast-breadcrumbs-content":"","ast-featured-img":"disabled","footer-sml-layout":"","theme-transparent-header-meta":"default","adv-header-id-meta":"","stick-header-meta":"","header-above-stick-meta":"","header-main-stick-meta":"","header-below-stick-meta":"","astra-migrate-meta-layouts":"default","ast-page-background-enabled":"default","ast-page-background-meta":{"desktop":{"background-color":"","background-image":"","background-repeat":"repeat","background-position":"center center","background-size":"auto","background-attachment":"scroll","background-type":"","background-media":"","overlay-type":"","overlay-color":"","overlay-opacity":"","overlay-gradient":""},"tablet":{"background-color":"","background-image":"","background-repeat":"repeat","background-position":"center center","background-size":"auto","background-attachment":"scroll","background-type":"","background-media":"","overlay-type":"","overlay-color":"","overlay-opacity":"","overlay-gradient":""},"mobile":{"background-color":"","background-image":"","background-repeat":"repeat","background-position":"center center","background-size":"auto","background-attachment":"scroll","background-type":"","background-media":"","overlay-type":"","overlay-color":"","overlay-opacity":"","overlay-gradient":""}},"ast-content-background-meta":{"desktop":{"background-color":"var(--ast-global-color-5)","background-image":"","background-repeat":"repeat","background-position":"center center","background-size":"auto","background-attachment":"scroll","background-type":"","background-media":"","overlay-type":"","overlay-color":"","overlay-opacity":"","overlay-gradient":""},"tablet":{"background-color":"var(--ast-global-color-5)","background-image":"","background-repeat":"repeat","background-position":"center center","background-size":"auto","background-attachment":"scroll","background-type":"","background-media":"","overlay-type":"","overlay-color":"","overlay-opacity":"","overlay-gradient":""},"mobile":{"background-color":"var(--ast-global-color-5)","background-image":"","background-repeat":"repeat","background-position":"center center","background-size":"auto","background-attachment":"scroll","background-type":"","background-media":"","overlay-type":"","overlay-color":"","overlay-opacity":"","overlay-gradient":""}},"footnotes":""},"class_list":["post-3017","page","type-page","status-publish","has-post-thumbnail","hentry"],"yoast_head":"<!-- This site is optimized with the Yoast SEO plugin v22.0 - https:\/\/yoast.com\/wordpress\/plugins\/seo\/ -->\n<title>checklist zdarma - Iveta Nejezchlebova<\/title>\n<meta name=\"robots\" content=\"index, follow, max-snippet:-1, max-image-preview:large, max-video-preview:-1\" \/>\n<link rel=\"canonical\" href=\"https:\/\/ivetanejezchlebova.cz\/home\/checklist-zdarma\/\" \/>\n<meta property=\"og:locale\" content=\"cs_CZ\" \/>\n<meta property=\"og:type\" content=\"article\" \/>\n<meta property=\"og:title\" content=\"checklist zdarma - Iveta Nejezchlebova\" \/>\n<meta property=\"og:description\" content=\"Checklist k ritu\u00e1l\u016fm novolun\u00ed a \u00fapl\u0148k\u016f zdarma St\u00e1le se v\u00e1m neda\u0159\u00ed zapamatovat si, co v\u0161e d\u011blat v obdob\u00ed novolun\u00ed? A co p\u0159i \u00fapl\u0148ku? Sestavila jsem jednoduch\u00fd kr\u00e1sn\u011b zpracov\u00e1ny checklist s p\u0159ehledem toho z\u00e1kladn\u00edho. St\u00e1hn\u011bte si jej, vylepte na lednici\/do di\u00e1\u0159e a ji\u017e nemus\u00edte t\u00e1pat! Sou\u010d\u00e1st\u00ed jsou tak\u00e9 voln\u00e9 str\u00e1nky ve stejn\u00e9m designu, kde si m\u016f\u017eete [&hellip;]\" \/>\n<meta property=\"og:url\" content=\"https:\/\/ivetanejezchlebova.cz\/home\/checklist-zdarma\/\" \/>\n<meta property=\"og:site_name\" content=\"Iveta Nejezchlebova\" \/>\n<meta property=\"article:publisher\" content=\"https:\/\/www.facebook.com\/bohynevlese\/\" \/>\n<meta property=\"article:modified_time\" content=\"2022-05-06T12:17:55+00:00\" \/>\n<meta property=\"og:image\" content=\"https:\/\/ivetanejezchlebova.cz\/wp-content\/uploads\/2022\/04\/Kopie-navrhu-Novoluni-1-727x1024.png\" \/>\n\t<meta property=\"og:image:width\" content=\"727\" \/>\n\t<meta property=\"og:image:height\" content=\"1024\" \/>\n\t<meta property=\"og:image:type\" content=\"image\/png\" \/>\n<meta name=\"twitter:card\" content=\"summary_large_image\" \/>\n<meta name=\"twitter:label1\" content=\"Odhadovan\u00e1 doba \u010dten\u00ed\" \/>\n\t<meta name=\"twitter:data1\" content=\"1 minuta\" \/>\n<script type=\"application\/ld+json\" class=\"yoast-schema-graph\">{\"@context\":\"https:\/\/schema.org\",\"@graph\":[{\"@type\":\"WebPage\",\"@id\":\"https:\/\/ivetanejezchlebova.cz\/home\/checklist-zdarma\/\",\"url\":\"https:\/\/ivetanejezchlebova.cz\/home\/checklist-zdarma\/\",\"name\":\"checklist zdarma - Iveta Nejezchlebova\",\"isPartOf\":{\"@id\":\"https:\/\/ivetanejezchlebova.cz\/home\/#website\"},\"datePublished\":\"2022-04-13T19:04:11+00:00\",\"dateModified\":\"2022-05-06T12:17:55+00:00\",\"breadcrumb\":{\"@id\":\"https:\/\/ivetanejezchlebova.cz\/home\/checklist-zdarma\/#breadcrumb\"},\"inLanguage\":\"cs\",\"potentialAction\":[{\"@type\":\"ReadAction\",\"target\":[\"https:\/\/ivetanejezchlebova.cz\/home\/checklist-zdarma\/\"]}]},{\"@type\":\"BreadcrumbList\",\"@id\":\"https:\/\/ivetanejezchlebova.cz\/home\/checklist-zdarma\/#breadcrumb\",\"itemListElement\":[{\"@type\":\"ListItem\",\"position\":1,\"name\":\"Dom\u016f\",\"item\":\"https:\/\/ivetanejezchlebova.cz\/home\/\"},{\"@type\":\"ListItem\",\"position\":2,\"name\":\"checklist zdarma\"}]},{\"@type\":\"WebSite\",\"@id\":\"https:\/\/ivetanejezchlebova.cz\/home\/#website\",\"url\":\"https:\/\/ivetanejezchlebova.cz\/home\/\",\"name\":\"Iveta Nejezchlebova\",\"description\":\"\",\"publisher\":{\"@id\":\"https:\/\/ivetanejezchlebova.cz\/home\/#organization\"},\"potentialAction\":[{\"@type\":\"SearchAction\",\"target\":{\"@type\":\"EntryPoint\",\"urlTemplate\":\"https:\/\/ivetanejezchlebova.cz\/home\/?s={search_term_string}\"},\"query-input\":\"required name=search_term_string\"}],\"inLanguage\":\"cs\"},{\"@type\":\"Organization\",\"@id\":\"https:\/\/ivetanejezchlebova.cz\/home\/#organization\",\"name\":\"Iveta Nejezchlebova\",\"url\":\"https:\/\/ivetanejezchlebova.cz\/home\/\",\"logo\":{\"@type\":\"ImageObject\",\"inLanguage\":\"cs\",\"@id\":\"https:\/\/ivetanejezchlebova.cz\/home\/#\/schema\/logo\/image\/\",\"url\":\"https:\/\/ivetanejezchlebova.cz\/wp-content\/uploads\/2025\/03\/cropped-webovka.png\",\"contentUrl\":\"https:\/\/ivetanejezchlebova.cz\/wp-content\/uploads\/2025\/03\/cropped-webovka.png\",\"width\":1920,\"height\":640,\"caption\":\"Iveta Nejezchlebova\"},\"image\":{\"@id\":\"https:\/\/ivetanejezchlebova.cz\/home\/#\/schema\/logo\/image\/\"},\"sameAs\":[\"https:\/\/www.facebook.com\/bohynevlese\/\",\"https:\/\/www.instagram.com\/bohynevlese\/\"]}]}<\/script>\n<!-- \/ Yoast SEO plugin. -->","yoast_head_json":{"title":"checklist zdarma - Iveta Nejezchlebova","robots":{"index":"index","follow":"follow","max-snippet":"max-snippet:-1","max-image-preview":"max-image-preview:large","max-video-preview":"max-video-preview:-1"},"canonical":"https:\/\/ivetanejezchlebova.cz\/home\/checklist-zdarma\/","og_locale":"cs_CZ","og_type":"article","og_title":"checklist zdarma - Iveta Nejezchlebova","og_description":"Checklist k ritu\u00e1l\u016fm novolun\u00ed a \u00fapl\u0148k\u016f zdarma St\u00e1le se v\u00e1m neda\u0159\u00ed zapamatovat si, co v\u0161e d\u011blat v obdob\u00ed novolun\u00ed? A co p\u0159i \u00fapl\u0148ku? Sestavila jsem jednoduch\u00fd kr\u00e1sn\u011b zpracov\u00e1ny checklist s p\u0159ehledem toho z\u00e1kladn\u00edho. St\u00e1hn\u011bte si jej, vylepte na lednici\/do di\u00e1\u0159e a ji\u017e nemus\u00edte t\u00e1pat! Sou\u010d\u00e1st\u00ed jsou tak\u00e9 voln\u00e9 str\u00e1nky ve stejn\u00e9m designu, kde si m\u016f\u017eete [&hellip;]","og_url":"https:\/\/ivetanejezchlebova.cz\/home\/checklist-zdarma\/","og_site_name":"Iveta Nejezchlebova","article_publisher":"https:\/\/www.facebook.com\/bohynevlese\/","article_modified_time":"2022-05-06T12:17:55+00:00","og_image":[{"width":727,"height":1024,"url":"https:\/\/ivetanejezchlebova.cz\/wp-content\/uploads\/2022\/04\/Kopie-navrhu-Novoluni-1-727x1024.png","type":"image\/png"}],"twitter_card":"summary_large_image","twitter_misc":{"Odhadovan\u00e1 doba \u010dten\u00ed":"1 minuta"},"schema":{"@context":"https:\/\/schema.org","@graph":[{"@type":"WebPage","@id":"https:\/\/ivetanejezchlebova.cz\/home\/checklist-zdarma\/","url":"https:\/\/ivetanejezchlebova.cz\/home\/checklist-zdarma\/","name":"checklist zdarma - Iveta Nejezchlebova","isPartOf":{"@id":"https:\/\/ivetanejezchlebova.cz\/home\/#website"},"datePublished":"2022-04-13T19:04:11+00:00","dateModified":"2022-05-06T12:17:55+00:00","breadcrumb":{"@id":"https:\/\/ivetanejezchlebova.cz\/home\/checklist-zdarma\/#breadcrumb"},"inLanguage":"cs","potentialAction":[{"@type":"ReadAction","target":["https:\/\/ivetanejezchlebova.cz\/home\/checklist-zdarma\/"]}]},{"@type":"BreadcrumbList","@id":"https:\/\/ivetanejezchlebova.cz\/home\/checklist-zdarma\/#breadcrumb","itemListElement":[{"@type":"ListItem","position":1,"name":"Dom\u016f","item":"https:\/\/ivetanejezchlebova.cz\/home\/"},{"@type":"ListItem","position":2,"name":"checklist zdarma"}]},{"@type":"WebSite","@id":"https:\/\/ivetanejezchlebova.cz\/home\/#website","url":"https:\/\/ivetanejezchlebova.cz\/home\/","name":"Iveta Nejezchlebova","description":"","publisher":{"@id":"https:\/\/ivetanejezchlebova.cz\/home\/#organization"},"potentialAction":[{"@type":"SearchAction","target":{"@type":"EntryPoint","urlTemplate":"https:\/\/ivetanejezchlebova.cz\/home\/?s={search_term_string}"},"query-input":"required name=search_term_string"}],"inLanguage":"cs"},{"@type":"Organization","@id":"https:\/\/ivetanejezchlebova.cz\/home\/#organization","name":"Iveta Nejezchlebova","url":"https:\/\/ivetanejezchlebova.cz\/home\/","logo":{"@type":"ImageObject","inLanguage":"cs","@id":"https:\/\/ivetanejezchlebova.cz\/home\/#\/schema\/logo\/image\/","url":"https:\/\/ivetanejezchlebova.cz\/wp-content\/uploads\/2025\/03\/cropped-webovka.png","contentUrl":"https:\/\/ivetanejezchlebova.cz\/wp-content\/uploads\/2025\/03\/cropped-webovka.png","width":1920,"height":640,"caption":"Iveta Nejezchlebova"},"image":{"@id":"https:\/\/ivetanejezchlebova.cz\/home\/#\/schema\/logo\/image\/"},"sameAs":["https:\/\/www.facebook.com\/bohynevlese\/","https:\/\/www.instagram.com\/bohynevlese\/"]}]}},"uagb_featured_image_src":{"full":["https:\/\/ivetanejezchlebova.cz\/wp-content\/uploads\/2022\/04\/Kopie-navrhu-Novoluni-1.png",1419,2000,false],"thumbnail":["https:\/\/ivetanejezchlebova.cz\/wp-content\/uploads\/2022\/04\/Kopie-navrhu-Novoluni-1-150x150.png",150,150,true],"medium":["https:\/\/ivetanejezchlebova.cz\/wp-content\/uploads\/2022\/04\/Kopie-navrhu-Novoluni-1-213x300.png",213,300,true],"medium_large":["https:\/\/ivetanejezchlebova.cz\/wp-content\/uploads\/2022\/04\/Kopie-navrhu-Novoluni-1-768x1082.png",768,1082,true],"large":["https:\/\/ivetanejezchlebova.cz\/wp-content\/uploads\/2022\/04\/Kopie-navrhu-Novoluni-1-727x1024.png",727,1024,true],"1536x1536":["https:\/\/ivetanejezchlebova.cz\/wp-content\/uploads\/2022\/04\/Kopie-navrhu-Novoluni-1-1090x1536.png",1090,1536,true],"2048x2048":["https:\/\/ivetanejezchlebova.cz\/wp-content\/uploads\/2022\/04\/Kopie-navrhu-Novoluni-1.png",1419,2000,false]},"uagb_author_info":{"display_name":"admin","author_link":"https:\/\/ivetanejezchlebova.cz\/home\/author\/admin\/"},"uagb_comment_info":0,"uagb_excerpt":"Checklist k ritu\u00e1l\u016fm novolun\u00ed a \u00fapl\u0148k\u016f zdarma St\u00e1le se v\u00e1m neda\u0159\u00ed zapamatovat si, co v\u0161e d\u011blat v obdob\u00ed novolun\u00ed? A co p\u0159i \u00fapl\u0148ku? Sestavila jsem jednoduch\u00fd kr\u00e1sn\u011b zpracov\u00e1ny checklist s p\u0159ehledem toho z\u00e1kladn\u00edho. St\u00e1hn\u011bte si jej, vylepte na lednici\/do di\u00e1\u0159e a ji\u017e nemus\u00edte t\u00e1pat! Sou\u010d\u00e1st\u00ed jsou tak\u00e9 voln\u00e9 str\u00e1nky ve stejn\u00e9m designu, kde si m\u016f\u017eete&hellip;","_links":{"self":[{"href":"https:\/\/ivetanejezchlebova.cz\/home\/wp-json\/wp\/v2\/pages\/3017","targetHints":{"allow":["GET"]}}],"collection":[{"href":"https:\/\/ivetanejezchlebova.cz\/home\/wp-json\/wp\/v2\/pages"}],"about":[{"href":"https:\/\/ivetanejezchlebova.cz\/home\/wp-json\/wp\/v2\/types\/page"}],"author":[{"embeddable":true,"href":"https:\/\/ivetanejezchlebova.cz\/home\/wp-json\/wp\/v2\/users\/1"}],"replies":[{"embeddable":true,"href":"https:\/\/ivetanejezchlebova.cz\/home\/wp-json\/wp\/v2\/comments?post=3017"}],"version-history":[{"count":32,"href":"https:\/\/ivetanejezchlebova.cz\/home\/wp-json\/wp\/v2\/pages\/3017\/revisions"}],"predecessor-version":[{"id":3774,"href":"https:\/\/ivetanejezchlebova.cz\/home\/wp-json\/wp\/v2\/pages\/3017\/revisions\/3774"}],"wp:featuredmedia":[{"embeddable":true,"href":"https:\/\/ivetanejezchlebova.cz\/home\/wp-json\/wp\/v2\/media\/3009"}],"wp:attachment":[{"href":"https:\/\/ivetanejezchlebova.cz\/home\/wp-json\/wp\/v2\/media?parent=3017"}],"curies":[{"name":"wp","href":"https:\/\/api.w.org\/{rel}","templated":true}]}}