{"id":3989,"date":"2022-08-05T09:31:09","date_gmt":"2022-08-05T09:31:09","guid":{"rendered":"https:\/\/ivetanejezchlebova.cz\/home\/?page_id=3989"},"modified":"2022-08-05T13:22:56","modified_gmt":"2022-08-05T13:22:56","slug":"reiki-objednavka","status":"publish","type":"page","link":"https:\/\/ivetanejezchlebova.cz\/home\/reiki-objednavka\/","title":{"rendered":"REIKI objedn\u00e1vka"},"content":{"rendered":"\t\t<div data-elementor-type=\"wp-page\" data-elementor-id=\"3989\" class=\"elementor elementor-3989\">\n\t\t\t\t\t\t<section class=\"elementor-section elementor-top-section elementor-element elementor-element-e77517c elementor-section-boxed elementor-section-height-default elementor-section-height-default\" data-id=\"e77517c\" data-element_type=\"section\">\n\t\t\t\t\t\t<div class=\"elementor-container elementor-column-gap-default\">\n\t\t\t\t\t<div class=\"elementor-column elementor-col-100 elementor-top-column elementor-element elementor-element-0eebb9d\" data-id=\"0eebb9d\" data-element_type=\"column\">\n\t\t\t<div class=\"elementor-widget-wrap elementor-element-populated\">\n\t\t\t\t\t\t<div class=\"elementor-element elementor-element-716349f elementor-widget elementor-widget-spacer\" data-id=\"716349f\" data-element_type=\"widget\" data-widget_type=\"spacer.default\">\n\t\t\t\t<div class=\"elementor-widget-container\">\n\t\t\t<style>\/*! elementor - v3.19.0 - 07-02-2024 *\/\n.elementor-column .elementor-spacer-inner{height:var(--spacer-size)}.e-con{--container-widget-width:100%}.e-con-inner>.elementor-widget-spacer,.e-con>.elementor-widget-spacer{width:var(--container-widget-width,var(--spacer-size));--align-self:var(--container-widget-align-self,initial);--flex-shrink:0}.e-con-inner>.elementor-widget-spacer>.elementor-widget-container,.e-con>.elementor-widget-spacer>.elementor-widget-container{height:100%;width:100%}.e-con-inner>.elementor-widget-spacer>.elementor-widget-container>.elementor-spacer,.e-con>.elementor-widget-spacer>.elementor-widget-container>.elementor-spacer{height:100%}.e-con-inner>.elementor-widget-spacer>.elementor-widget-container>.elementor-spacer>.elementor-spacer-inner,.e-con>.elementor-widget-spacer>.elementor-widget-container>.elementor-spacer>.elementor-spacer-inner{height:var(--container-widget-height,var(--spacer-size))}.e-con-inner>.elementor-widget-spacer.elementor-widget-empty,.e-con>.elementor-widget-spacer.elementor-widget-empty{position:relative;min-height:22px;min-width:22px}.e-con-inner>.elementor-widget-spacer.elementor-widget-empty .elementor-widget-empty-icon,.e-con>.elementor-widget-spacer.elementor-widget-empty .elementor-widget-empty-icon{position:absolute;top:0;bottom:0;left:0;right:0;margin:auto;padding:0;width:22px;height:22px}<\/style>\t\t<div class=\"elementor-spacer\">\n\t\t\t<div class=\"elementor-spacer-inner\"><\/div>\n\t\t<\/div>\n\t\t\t\t<\/div>\n\t\t\t\t<\/div>\n\t\t\t\t<div class=\"elementor-element elementor-element-f3a34e3 elementor-widget elementor-widget-image\" data-id=\"f3a34e3\" data-element_type=\"widget\" data-widget_type=\"image.default\">\n\t\t\t\t<div class=\"elementor-widget-container\">\n\t\t\t<style>\/*! elementor - v3.19.0 - 07-02-2024 *\/\n.elementor-widget-image{text-align:center}.elementor-widget-image a{display:inline-block}.elementor-widget-image a img[src$=\".svg\"]{width:48px}.elementor-widget-image img{vertical-align:middle;display:inline-block}<\/style>\t\t\t\t\t\t\t\t\t\t<img decoding=\"async\" width=\"500\" height=\"70\" src=\"https:\/\/ivetanejezchlebova.cz\/wp-content\/uploads\/2022\/03\/Bez-nazvu-940-x-50-px-500-x-70-px.png\" class=\"attachment-large size-large wp-image-2774\" alt=\"\" srcset=\"https:\/\/ivetanejezchlebova.cz\/wp-content\/uploads\/2022\/03\/Bez-nazvu-940-x-50-px-500-x-70-px.png 500w, https:\/\/ivetanejezchlebova.cz\/wp-content\/uploads\/2022\/03\/Bez-nazvu-940-x-50-px-500-x-70-px-300x42.png 300w\" sizes=\"(max-width: 500px) 100vw, 500px\" \/>\t\t\t\t\t\t\t\t\t\t\t\t\t<\/div>\n\t\t\t\t<\/div>\n\t\t\t\t<div class=\"elementor-element elementor-element-51fe877 elementor-widget elementor-widget-heading\" data-id=\"51fe877\" data-element_type=\"widget\" data-widget_type=\"heading.default\">\n\t\t\t\t<div class=\"elementor-widget-container\">\n\t\t\t<style>\/*! elementor - v3.19.0 - 07-02-2024 *\/\n.elementor-heading-title{padding:0;margin:0;line-height:1}.elementor-widget-heading .elementor-heading-title[class*=elementor-size-]>a{color:inherit;font-size:inherit;line-height:inherit}.elementor-widget-heading .elementor-heading-title.elementor-size-small{font-size:15px}.elementor-widget-heading .elementor-heading-title.elementor-size-medium{font-size:19px}.elementor-widget-heading .elementor-heading-title.elementor-size-large{font-size:29px}.elementor-widget-heading .elementor-heading-title.elementor-size-xl{font-size:39px}.elementor-widget-heading .elementor-heading-title.elementor-size-xxl{font-size:59px}<\/style><h1 class=\"elementor-heading-title elementor-size-default\">Objedn\u00e1vka o\u0161et\u0159en\u00ed <\/h1>\t\t<\/div>\n\t\t\t\t<\/div>\n\t\t\t\t<div class=\"elementor-element elementor-element-f7324ab elementor-widget elementor-widget-heading\" data-id=\"f7324ab\" data-element_type=\"widget\" data-widget_type=\"heading.default\">\n\t\t\t\t<div class=\"elementor-widget-container\">\n\t\t\t<h2 class=\"elementor-heading-title elementor-size-default\">REIKI<\/h2>\t\t<\/div>\n\t\t\t\t<\/div>\n\t\t\t\t<div class=\"elementor-element elementor-element-419f62b elementor-widget elementor-widget-spacer\" data-id=\"419f62b\" data-element_type=\"widget\" data-widget_type=\"spacer.default\">\n\t\t\t\t<div class=\"elementor-widget-container\">\n\t\t\t\t\t<div class=\"elementor-spacer\">\n\t\t\t<div class=\"elementor-spacer-inner\"><\/div>\n\t\t<\/div>\n\t\t\t\t<\/div>\n\t\t\t\t<\/div>\n\t\t\t\t<div class=\"elementor-element elementor-element-90a6fc8 elementor-widget elementor-widget-image\" data-id=\"90a6fc8\" data-element_type=\"widget\" data-widget_type=\"image.default\">\n\t\t\t\t<div class=\"elementor-widget-container\">\n\t\t\t\t\t\t\t\t\t\t\t\t\t<img decoding=\"async\" width=\"300\" height=\"42\" src=\"https:\/\/ivetanejezchlebova.cz\/wp-content\/uploads\/2022\/03\/Bez-nazvu-940-x-50-px-500-x-70-px-300x42.png\" class=\"attachment-medium size-medium wp-image-2774\" alt=\"\" srcset=\"https:\/\/ivetanejezchlebova.cz\/wp-content\/uploads\/2022\/03\/Bez-nazvu-940-x-50-px-500-x-70-px-300x42.png 300w, https:\/\/ivetanejezchlebova.cz\/wp-content\/uploads\/2022\/03\/Bez-nazvu-940-x-50-px-500-x-70-px.png 500w\" sizes=\"(max-width: 300px) 100vw, 300px\" \/>\t\t\t\t\t\t\t\t\t\t\t\t\t<\/div>\n\t\t\t\t<\/div>\n\t\t\t\t<div class=\"elementor-element elementor-element-f1bd3f7 elementor-widget elementor-widget-spacer\" data-id=\"f1bd3f7\" data-element_type=\"widget\" data-widget_type=\"spacer.default\">\n\t\t\t\t<div class=\"elementor-widget-container\">\n\t\t\t\t\t<div class=\"elementor-spacer\">\n\t\t\t<div class=\"elementor-spacer-inner\"><\/div>\n\t\t<\/div>\n\t\t\t\t<\/div>\n\t\t\t\t<\/div>\n\t\t\t\t<div class=\"elementor-element elementor-element-597751d elementor-icon-list--layout-traditional elementor-list-item-link-full_width elementor-widget elementor-widget-icon-list\" data-id=\"597751d\" data-element_type=\"widget\" data-widget_type=\"icon-list.default\">\n\t\t\t\t<div class=\"elementor-widget-container\">\n\t\t\t<link rel=\"stylesheet\" href=\"https:\/\/ivetanejezchlebova.cz\/wp-content\/plugins\/elementor\/assets\/css\/widget-icon-list.min.css\">\t\t<ul class=\"elementor-icon-list-items\">\n\t\t\t\t\t\t\t<li class=\"elementor-icon-list-item\">\n\t\t\t\t\t\t\t\t\t\t\t<span class=\"elementor-icon-list-icon\">\n\t\t\t\t\t\t\t<i aria-hidden=\"true\" class=\"fas fa-spa\"><\/i>\t\t\t\t\t\t<\/span>\n\t\t\t\t\t\t\t\t\t\t<span class=\"elementor-icon-list-text\">Objedn\u00e1v\u00e1m si celkov\u00e9 o\u0161et\u0159en\u00ed reiki trvaj\u00edc\u00ed 1 hodinu<\/span>\n\t\t\t\t\t\t\t\t\t<\/li>\n\t\t\t\t\t\t\t\t<li class=\"elementor-icon-list-item\">\n\t\t\t\t\t\t\t\t\t\t\t<span class=\"elementor-icon-list-icon\">\n\t\t\t\t\t\t\t<i aria-hidden=\"true\" class=\"fas fa-spa\"><\/i>\t\t\t\t\t\t<\/span>\n\t\t\t\t\t\t\t\t\t\t<span class=\"elementor-icon-list-text\">O\u0161et\u0159en\u00ed prob\u00edh\u00e1 v obci Mladecko<\/span>\n\t\t\t\t\t\t\t\t\t<\/li>\n\t\t\t\t\t\t<\/ul>\n\t\t\t\t<\/div>\n\t\t\t\t<\/div>\n\t\t\t\t<div class=\"elementor-element elementor-element-7c3add6 elementor-widget elementor-widget-spacer\" data-id=\"7c3add6\" data-element_type=\"widget\" data-widget_type=\"spacer.default\">\n\t\t\t\t<div class=\"elementor-widget-container\">\n\t\t\t\t\t<div class=\"elementor-spacer\">\n\t\t\t<div class=\"elementor-spacer-inner\"><\/div>\n\t\t<\/div>\n\t\t\t\t<\/div>\n\t\t\t\t<\/div>\n\t\t\t\t\t<\/div>\n\t\t<\/div>\n\t\t\t\t\t<\/div>\n\t\t<\/section>\n\t\t\t\t<section class=\"elementor-section elementor-top-section elementor-element elementor-element-bd97d28 elementor-section-boxed elementor-section-height-default elementor-section-height-default\" data-id=\"bd97d28\" data-element_type=\"section\">\n\t\t\t\t\t\t<div class=\"elementor-container elementor-column-gap-default\">\n\t\t\t\t\t<div class=\"elementor-column elementor-col-100 elementor-top-column elementor-element elementor-element-0c86696\" data-id=\"0c86696\" data-element_type=\"column\">\n\t\t\t<div class=\"elementor-widget-wrap elementor-element-populated\">\n\t\t\t\t\t\t<div class=\"elementor-element elementor-element-f2afbed elementor-widget elementor-widget-html\" data-id=\"f2afbed\" data-element_type=\"widget\" data-widget_type=\"html.default\">\n\t\t\t\t<div class=\"elementor-widget-container\">\n\t\t\t\n<!-- www.SimpleShop.cz form#51687 start -->\n<script>\n (function(i, s, o, g, r, a, m){\n  i[r] = i[r] || function(){\n   (i[r].q = i[r].q || []).push(arguments)\n  }, i[r].l = 1 * new Date();\n  a = s.createElement(o),\n  m = s.getElementsByTagName(o)[0];\n  a.async = 1;\n  a.src = g;\n  m.parentNode.insertBefore(a, m)\n })(window, document, \"script\", \"https:\/\/form.simpleshop.cz\/prj\/js\/SimpleShopService.js\", \"sss\");\n sss(\"createForm\", \"QLDy\");\n<\/script>\n<div data-SimpleShopForm=\"QLDy\"><div>Prodejn\u00ed formul\u00e1\u0159 je vytvo\u0159en v syst\u00e9mu <a href=\"https:\/\/www.simpleshop.cz\/\" target=\"_blank\">SimpleShop.cz<\/a>.<\/div><\/div>\n<!-- www.SimpleShop.cz form#51687 end -->\n\t\t<\/div>\n\t\t\t\t<\/div>\n\t\t\t\t\t<\/div>\n\t\t<\/div>\n\t\t\t\t\t<\/div>\n\t\t<\/section>\n\t\t\t\t<\/div>\n\t\t","protected":false},"excerpt":{"rendered":"<p>Objedn\u00e1vka o\u0161et\u0159en\u00ed REIKI Objedn\u00e1v\u00e1m si celkov\u00e9 o\u0161et\u0159en\u00ed reiki trvaj\u00edc\u00ed 1 hodinu O\u0161et\u0159en\u00ed prob\u00edh\u00e1 v obci Mladecko Prodejn\u00ed formul\u00e1\u0159 je vytvo\u0159en v syst\u00e9mu SimpleShop.cz.<\/p>\n","protected":false},"author":1,"featured_media":3910,"parent":0,"menu_order":0,"comment_status":"closed","ping_status":"closed","template":"","meta":{"_uag_custom_page_level_css":"","site-sidebar-layout":"no-sidebar","site-content-layout":"page-builder","ast-site-content-layout":"","site-content-style":"default","site-sidebar-style":"default","ast-global-header-display":"","ast-banner-title-visibility":"","ast-main-header-display":"","ast-hfb-above-header-display":"","ast-hfb-below-header-display":"","ast-hfb-mobile-header-display":"","site-post-title":"disabled","ast-breadcrumbs-content":"","ast-featured-img":"disabled","footer-sml-layout":"","theme-transparent-header-meta":"default","adv-header-id-meta":"","stick-header-meta":"","header-above-stick-meta":"","header-main-stick-meta":"","header-below-stick-meta":"","astra-migrate-meta-layouts":"default","ast-page-background-enabled":"default","ast-page-background-meta":{"desktop":{"background-color":"","background-image":"","background-repeat":"repeat","background-position":"center center","background-size":"auto","background-attachment":"scroll","background-type":"","background-media":"","overlay-type":"","overlay-color":"","overlay-opacity":"","overlay-gradient":""},"tablet":{"background-color":"","background-image":"","background-repeat":"repeat","background-position":"center center","background-size":"auto","background-attachment":"scroll","background-type":"","background-media":"","overlay-type":"","overlay-color":"","overlay-opacity":"","overlay-gradient":""},"mobile":{"background-color":"","background-image":"","background-repeat":"repeat","background-position":"center center","background-size":"auto","background-attachment":"scroll","background-type":"","background-media":"","overlay-type":"","overlay-color":"","overlay-opacity":"","overlay-gradient":""}},"ast-content-background-meta":{"desktop":{"background-color":"var(--ast-global-color-5)","background-image":"","background-repeat":"repeat","background-position":"center center","background-size":"auto","background-attachment":"scroll","background-type":"","background-media":"","overlay-type":"","overlay-color":"","overlay-opacity":"","overlay-gradient":""},"tablet":{"background-color":"var(--ast-global-color-5)","background-image":"","background-repeat":"repeat","background-position":"center center","background-size":"auto","background-attachment":"scroll","background-type":"","background-media":"","overlay-type":"","overlay-color":"","overlay-opacity":"","overlay-gradient":""},"mobile":{"background-color":"var(--ast-global-color-5)","background-image":"","background-repeat":"repeat","background-position":"center center","background-size":"auto","background-attachment":"scroll","background-type":"","background-media":"","overlay-type":"","overlay-color":"","overlay-opacity":"","overlay-gradient":""}},"footnotes":""},"class_list":["post-3989","page","type-page","status-publish","has-post-thumbnail","hentry"],"yoast_head":"<!-- This site is optimized with the Yoast SEO plugin v22.0 - https:\/\/yoast.com\/wordpress\/plugins\/seo\/ -->\n<title>REIKI objedn\u00e1vka - Iveta Nejezchlebova<\/title>\n<meta name=\"description\" content=\"Objedn\u00e1vkov\u00fd formul\u00e1\u0159 na REIKI o\u0161et\u0159en\u00ed\" \/>\n<meta name=\"robots\" content=\"index, follow, max-snippet:-1, max-image-preview:large, max-video-preview:-1\" \/>\n<link rel=\"canonical\" href=\"https:\/\/ivetanejezchlebova.cz\/home\/reiki-objednavka\/\" \/>\n<meta property=\"og:locale\" content=\"cs_CZ\" \/>\n<meta property=\"og:type\" content=\"article\" \/>\n<meta property=\"og:title\" content=\"REIKI objedn\u00e1vka - Iveta Nejezchlebova\" \/>\n<meta property=\"og:description\" content=\"Objedn\u00e1vkov\u00fd formul\u00e1\u0159 na REIKI o\u0161et\u0159en\u00ed\" \/>\n<meta property=\"og:url\" content=\"https:\/\/ivetanejezchlebova.cz\/home\/reiki-objednavka\/\" \/>\n<meta property=\"og:site_name\" content=\"Iveta Nejezchlebova\" \/>\n<meta property=\"article:publisher\" content=\"https:\/\/www.facebook.com\/bohynevlese\/\" \/>\n<meta property=\"article:modified_time\" content=\"2022-08-05T13:22:56+00:00\" \/>\n<meta property=\"og:image\" content=\"https:\/\/ivetanejezchlebova.cz\/wp-content\/uploads\/2022\/07\/clanky-bohyne-2.png\" \/>\n\t<meta property=\"og:image:width\" content=\"940\" \/>\n\t<meta property=\"og:image:height\" content=\"788\" \/>\n\t<meta property=\"og:image:type\" content=\"image\/png\" \/>\n<meta name=\"twitter:card\" content=\"summary_large_image\" \/>\n<meta name=\"twitter:label1\" content=\"Odhadovan\u00e1 doba \u010dten\u00ed\" \/>\n\t<meta name=\"twitter:data1\" content=\"1 minuta\" \/>\n<script type=\"application\/ld+json\" class=\"yoast-schema-graph\">{\"@context\":\"https:\/\/schema.org\",\"@graph\":[{\"@type\":\"WebPage\",\"@id\":\"https:\/\/ivetanejezchlebova.cz\/home\/reiki-objednavka\/\",\"url\":\"https:\/\/ivetanejezchlebova.cz\/home\/reiki-objednavka\/\",\"name\":\"REIKI objedn\u00e1vka - Iveta Nejezchlebova\",\"isPartOf\":{\"@id\":\"https:\/\/ivetanejezchlebova.cz\/home\/#website\"},\"datePublished\":\"2022-08-05T09:31:09+00:00\",\"dateModified\":\"2022-08-05T13:22:56+00:00\",\"description\":\"Objedn\u00e1vkov\u00fd formul\u00e1\u0159 na REIKI o\u0161et\u0159en\u00ed\",\"breadcrumb\":{\"@id\":\"https:\/\/ivetanejezchlebova.cz\/home\/reiki-objednavka\/#breadcrumb\"},\"inLanguage\":\"cs\",\"potentialAction\":[{\"@type\":\"ReadAction\",\"target\":[\"https:\/\/ivetanejezchlebova.cz\/home\/reiki-objednavka\/\"]}]},{\"@type\":\"BreadcrumbList\",\"@id\":\"https:\/\/ivetanejezchlebova.cz\/home\/reiki-objednavka\/#breadcrumb\",\"itemListElement\":[{\"@type\":\"ListItem\",\"position\":1,\"name\":\"Dom\u016f\",\"item\":\"https:\/\/ivetanejezchlebova.cz\/home\/\"},{\"@type\":\"ListItem\",\"position\":2,\"name\":\"REIKI objedn\u00e1vka\"}]},{\"@type\":\"WebSite\",\"@id\":\"https:\/\/ivetanejezchlebova.cz\/home\/#website\",\"url\":\"https:\/\/ivetanejezchlebova.cz\/home\/\",\"name\":\"Iveta Nejezchlebova\",\"description\":\"\",\"publisher\":{\"@id\":\"https:\/\/ivetanejezchlebova.cz\/home\/#organization\"},\"potentialAction\":[{\"@type\":\"SearchAction\",\"target\":{\"@type\":\"EntryPoint\",\"urlTemplate\":\"https:\/\/ivetanejezchlebova.cz\/home\/?s={search_term_string}\"},\"query-input\":\"required name=search_term_string\"}],\"inLanguage\":\"cs\"},{\"@type\":\"Organization\",\"@id\":\"https:\/\/ivetanejezchlebova.cz\/home\/#organization\",\"name\":\"Iveta Nejezchlebova\",\"url\":\"https:\/\/ivetanejezchlebova.cz\/home\/\",\"logo\":{\"@type\":\"ImageObject\",\"inLanguage\":\"cs\",\"@id\":\"https:\/\/ivetanejezchlebova.cz\/home\/#\/schema\/logo\/image\/\",\"url\":\"https:\/\/ivetanejezchlebova.cz\/wp-content\/uploads\/2025\/03\/cropped-webovka.png\",\"contentUrl\":\"https:\/\/ivetanejezchlebova.cz\/wp-content\/uploads\/2025\/03\/cropped-webovka.png\",\"width\":1920,\"height\":640,\"caption\":\"Iveta Nejezchlebova\"},\"image\":{\"@id\":\"https:\/\/ivetanejezchlebova.cz\/home\/#\/schema\/logo\/image\/\"},\"sameAs\":[\"https:\/\/www.facebook.com\/bohynevlese\/\",\"https:\/\/www.instagram.com\/bohynevlese\/\"]}]}<\/script>\n<!-- \/ Yoast SEO plugin. -->","yoast_head_json":{"title":"REIKI objedn\u00e1vka - Iveta Nejezchlebova","description":"Objedn\u00e1vkov\u00fd formul\u00e1\u0159 na REIKI o\u0161et\u0159en\u00ed","robots":{"index":"index","follow":"follow","max-snippet":"max-snippet:-1","max-image-preview":"max-image-preview:large","max-video-preview":"max-video-preview:-1"},"canonical":"https:\/\/ivetanejezchlebova.cz\/home\/reiki-objednavka\/","og_locale":"cs_CZ","og_type":"article","og_title":"REIKI objedn\u00e1vka - Iveta Nejezchlebova","og_description":"Objedn\u00e1vkov\u00fd formul\u00e1\u0159 na REIKI o\u0161et\u0159en\u00ed","og_url":"https:\/\/ivetanejezchlebova.cz\/home\/reiki-objednavka\/","og_site_name":"Iveta Nejezchlebova","article_publisher":"https:\/\/www.facebook.com\/bohynevlese\/","article_modified_time":"2022-08-05T13:22:56+00:00","og_image":[{"width":940,"height":788,"url":"https:\/\/ivetanejezchlebova.cz\/wp-content\/uploads\/2022\/07\/clanky-bohyne-2.png","type":"image\/png"}],"twitter_card":"summary_large_image","twitter_misc":{"Odhadovan\u00e1 doba \u010dten\u00ed":"1 minuta"},"schema":{"@context":"https:\/\/schema.org","@graph":[{"@type":"WebPage","@id":"https:\/\/ivetanejezchlebova.cz\/home\/reiki-objednavka\/","url":"https:\/\/ivetanejezchlebova.cz\/home\/reiki-objednavka\/","name":"REIKI objedn\u00e1vka - Iveta Nejezchlebova","isPartOf":{"@id":"https:\/\/ivetanejezchlebova.cz\/home\/#website"},"datePublished":"2022-08-05T09:31:09+00:00","dateModified":"2022-08-05T13:22:56+00:00","description":"Objedn\u00e1vkov\u00fd formul\u00e1\u0159 na REIKI o\u0161et\u0159en\u00ed","breadcrumb":{"@id":"https:\/\/ivetanejezchlebova.cz\/home\/reiki-objednavka\/#breadcrumb"},"inLanguage":"cs","potentialAction":[{"@type":"ReadAction","target":["https:\/\/ivetanejezchlebova.cz\/home\/reiki-objednavka\/"]}]},{"@type":"BreadcrumbList","@id":"https:\/\/ivetanejezchlebova.cz\/home\/reiki-objednavka\/#breadcrumb","itemListElement":[{"@type":"ListItem","position":1,"name":"Dom\u016f","item":"https:\/\/ivetanejezchlebova.cz\/home\/"},{"@type":"ListItem","position":2,"name":"REIKI objedn\u00e1vka"}]},{"@type":"WebSite","@id":"https:\/\/ivetanejezchlebova.cz\/home\/#website","url":"https:\/\/ivetanejezchlebova.cz\/home\/","name":"Iveta Nejezchlebova","description":"","publisher":{"@id":"https:\/\/ivetanejezchlebova.cz\/home\/#organization"},"potentialAction":[{"@type":"SearchAction","target":{"@type":"EntryPoint","urlTemplate":"https:\/\/ivetanejezchlebova.cz\/home\/?s={search_term_string}"},"query-input":"required name=search_term_string"}],"inLanguage":"cs"},{"@type":"Organization","@id":"https:\/\/ivetanejezchlebova.cz\/home\/#organization","name":"Iveta Nejezchlebova","url":"https:\/\/ivetanejezchlebova.cz\/home\/","logo":{"@type":"ImageObject","inLanguage":"cs","@id":"https:\/\/ivetanejezchlebova.cz\/home\/#\/schema\/logo\/image\/","url":"https:\/\/ivetanejezchlebova.cz\/wp-content\/uploads\/2025\/03\/cropped-webovka.png","contentUrl":"https:\/\/ivetanejezchlebova.cz\/wp-content\/uploads\/2025\/03\/cropped-webovka.png","width":1920,"height":640,"caption":"Iveta Nejezchlebova"},"image":{"@id":"https:\/\/ivetanejezchlebova.cz\/home\/#\/schema\/logo\/image\/"},"sameAs":["https:\/\/www.facebook.com\/bohynevlese\/","https:\/\/www.instagram.com\/bohynevlese\/"]}]}},"uagb_featured_image_src":{"full":["https:\/\/ivetanejezchlebova.cz\/wp-content\/uploads\/2022\/07\/clanky-bohyne-2.png",940,788,false],"thumbnail":["https:\/\/ivetanejezchlebova.cz\/wp-content\/uploads\/2022\/07\/clanky-bohyne-2-150x150.png",150,150,true],"medium":["https:\/\/ivetanejezchlebova.cz\/wp-content\/uploads\/2022\/07\/clanky-bohyne-2-300x251.png",300,251,true],"medium_large":["https:\/\/ivetanejezchlebova.cz\/wp-content\/uploads\/2022\/07\/clanky-bohyne-2-768x644.png",768,644,true],"large":["https:\/\/ivetanejezchlebova.cz\/wp-content\/uploads\/2022\/07\/clanky-bohyne-2.png",940,788,false],"1536x1536":["https:\/\/ivetanejezchlebova.cz\/wp-content\/uploads\/2022\/07\/clanky-bohyne-2.png",940,788,false],"2048x2048":["https:\/\/ivetanejezchlebova.cz\/wp-content\/uploads\/2022\/07\/clanky-bohyne-2.png",940,788,false]},"uagb_author_info":{"display_name":"admin","author_link":"https:\/\/ivetanejezchlebova.cz\/home\/author\/admin\/"},"uagb_comment_info":0,"uagb_excerpt":"Objedn\u00e1vka o\u0161et\u0159en\u00ed REIKI Objedn\u00e1v\u00e1m si celkov\u00e9 o\u0161et\u0159en\u00ed reiki trvaj\u00edc\u00ed 1 hodinu O\u0161et\u0159en\u00ed prob\u00edh\u00e1 v obci Mladecko Prodejn\u00ed formul\u00e1\u0159 je vytvo\u0159en v syst\u00e9mu SimpleShop.cz.","_links":{"self":[{"href":"https:\/\/ivetanejezchlebova.cz\/home\/wp-json\/wp\/v2\/pages\/3989","targetHints":{"allow":["GET"]}}],"collection":[{"href":"https:\/\/ivetanejezchlebova.cz\/home\/wp-json\/wp\/v2\/pages"}],"about":[{"href":"https:\/\/ivetanejezchlebova.cz\/home\/wp-json\/wp\/v2\/types\/page"}],"author":[{"embeddable":true,"href":"https:\/\/ivetanejezchlebova.cz\/home\/wp-json\/wp\/v2\/users\/1"}],"replies":[{"embeddable":true,"href":"https:\/\/ivetanejezchlebova.cz\/home\/wp-json\/wp\/v2\/comments?post=3989"}],"version-history":[{"count":10,"href":"https:\/\/ivetanejezchlebova.cz\/home\/wp-json\/wp\/v2\/pages\/3989\/revisions"}],"predecessor-version":[{"id":4001,"href":"https:\/\/ivetanejezchlebova.cz\/home\/wp-json\/wp\/v2\/pages\/3989\/revisions\/4001"}],"wp:featuredmedia":[{"embeddable":true,"href":"https:\/\/ivetanejezchlebova.cz\/home\/wp-json\/wp\/v2\/media\/3910"}],"wp:attachment":[{"href":"https:\/\/ivetanejezchlebova.cz\/home\/wp-json\/wp\/v2\/media?parent=3989"}],"curies":[{"name":"wp","href":"https:\/\/api.w.org\/{rel}","templated":true}]}}