{"id":4015,"date":"2022-08-05T13:55:37","date_gmt":"2022-08-05T13:55:37","guid":{"rendered":"https:\/\/ivetanejezchlebova.cz\/home\/?page_id=4015"},"modified":"2022-08-23T08:41:02","modified_gmt":"2022-08-23T08:41:02","slug":"me-sluzby","status":"publish","type":"page","link":"https:\/\/ivetanejezchlebova.cz\/home\/me-sluzby\/","title":{"rendered":"M\u00e9 slu\u017eby"},"content":{"rendered":"\t\t<div data-elementor-type=\"wp-page\" data-elementor-id=\"4015\" class=\"elementor elementor-4015\">\n\t\t\t\t\t\t<section class=\"elementor-section elementor-top-section elementor-element elementor-element-9b7cf58 elementor-section-boxed elementor-section-height-default elementor-section-height-default\" data-id=\"9b7cf58\" data-element_type=\"section\">\n\t\t\t\t\t\t<div class=\"elementor-container elementor-column-gap-default\">\n\t\t\t\t\t<div class=\"elementor-column elementor-col-100 elementor-top-column elementor-element elementor-element-0c4bb92\" data-id=\"0c4bb92\" data-element_type=\"column\">\n\t\t\t<div class=\"elementor-widget-wrap elementor-element-populated\">\n\t\t\t\t\t\t<div class=\"elementor-element elementor-element-83a40a2 elementor-widget elementor-widget-spacer\" data-id=\"83a40a2\" data-element_type=\"widget\" data-widget_type=\"spacer.default\">\n\t\t\t\t<div class=\"elementor-widget-container\">\n\t\t\t<style>\/*! elementor - v3.19.0 - 07-02-2024 *\/\n.elementor-column .elementor-spacer-inner{height:var(--spacer-size)}.e-con{--container-widget-width:100%}.e-con-inner>.elementor-widget-spacer,.e-con>.elementor-widget-spacer{width:var(--container-widget-width,var(--spacer-size));--align-self:var(--container-widget-align-self,initial);--flex-shrink:0}.e-con-inner>.elementor-widget-spacer>.elementor-widget-container,.e-con>.elementor-widget-spacer>.elementor-widget-container{height:100%;width:100%}.e-con-inner>.elementor-widget-spacer>.elementor-widget-container>.elementor-spacer,.e-con>.elementor-widget-spacer>.elementor-widget-container>.elementor-spacer{height:100%}.e-con-inner>.elementor-widget-spacer>.elementor-widget-container>.elementor-spacer>.elementor-spacer-inner,.e-con>.elementor-widget-spacer>.elementor-widget-container>.elementor-spacer>.elementor-spacer-inner{height:var(--container-widget-height,var(--spacer-size))}.e-con-inner>.elementor-widget-spacer.elementor-widget-empty,.e-con>.elementor-widget-spacer.elementor-widget-empty{position:relative;min-height:22px;min-width:22px}.e-con-inner>.elementor-widget-spacer.elementor-widget-empty .elementor-widget-empty-icon,.e-con>.elementor-widget-spacer.elementor-widget-empty .elementor-widget-empty-icon{position:absolute;top:0;bottom:0;left:0;right:0;margin:auto;padding:0;width:22px;height:22px}<\/style>\t\t<div class=\"elementor-spacer\">\n\t\t\t<div class=\"elementor-spacer-inner\"><\/div>\n\t\t<\/div>\n\t\t\t\t<\/div>\n\t\t\t\t<\/div>\n\t\t\t\t<div class=\"elementor-element elementor-element-c8a0bf1 elementor-widget elementor-widget-heading\" data-id=\"c8a0bf1\" data-element_type=\"widget\" data-widget_type=\"heading.default\">\n\t\t\t\t<div class=\"elementor-widget-container\">\n\t\t\t<style>\/*! elementor - v3.19.0 - 07-02-2024 *\/\n.elementor-heading-title{padding:0;margin:0;line-height:1}.elementor-widget-heading .elementor-heading-title[class*=elementor-size-]>a{color:inherit;font-size:inherit;line-height:inherit}.elementor-widget-heading .elementor-heading-title.elementor-size-small{font-size:15px}.elementor-widget-heading .elementor-heading-title.elementor-size-medium{font-size:19px}.elementor-widget-heading .elementor-heading-title.elementor-size-large{font-size:29px}.elementor-widget-heading .elementor-heading-title.elementor-size-xl{font-size:39px}.elementor-widget-heading .elementor-heading-title.elementor-size-xxl{font-size:59px}<\/style><h1 class=\"elementor-heading-title elementor-size-default\">Nab\u00edz\u00edm<\/h1>\t\t<\/div>\n\t\t\t\t<\/div>\n\t\t\t\t<div class=\"elementor-element elementor-element-561735b elementor-widget elementor-widget-image\" data-id=\"561735b\" data-element_type=\"widget\" data-widget_type=\"image.default\">\n\t\t\t\t<div class=\"elementor-widget-container\">\n\t\t\t<style>\/*! elementor - v3.19.0 - 07-02-2024 *\/\n.elementor-widget-image{text-align:center}.elementor-widget-image a{display:inline-block}.elementor-widget-image a img[src$=\".svg\"]{width:48px}.elementor-widget-image img{vertical-align:middle;display:inline-block}<\/style>\t\t\t\t\t\t\t\t\t\t<img decoding=\"async\" width=\"300\" height=\"42\" src=\"https:\/\/ivetanejezchlebova.cz\/wp-content\/uploads\/2022\/03\/Bez-nazvu-940-x-50-px-500-x-70-px-300x42.png\" class=\"attachment-medium size-medium wp-image-2774\" alt=\"\" srcset=\"https:\/\/ivetanejezchlebova.cz\/wp-content\/uploads\/2022\/03\/Bez-nazvu-940-x-50-px-500-x-70-px-300x42.png 300w, https:\/\/ivetanejezchlebova.cz\/wp-content\/uploads\/2022\/03\/Bez-nazvu-940-x-50-px-500-x-70-px.png 500w\" sizes=\"(max-width: 300px) 100vw, 300px\" \/>\t\t\t\t\t\t\t\t\t\t\t\t\t<\/div>\n\t\t\t\t<\/div>\n\t\t\t\t<div class=\"elementor-element elementor-element-ba4d52d elementor-icon-list--layout-traditional elementor-list-item-link-full_width elementor-widget elementor-widget-icon-list\" data-id=\"ba4d52d\" data-element_type=\"widget\" data-widget_type=\"icon-list.default\">\n\t\t\t\t<div class=\"elementor-widget-container\">\n\t\t\t<link rel=\"stylesheet\" href=\"https:\/\/ivetanejezchlebova.cz\/wp-content\/plugins\/elementor\/assets\/css\/widget-icon-list.min.css\">\t\t<ul class=\"elementor-icon-list-items\">\n\t\t\t\t\t\t\t<li class=\"elementor-icon-list-item\">\n\t\t\t\t\t\t\t\t\t\t\t<span class=\"elementor-icon-list-icon\">\n\t\t\t\t\t\t\t<i aria-hidden=\"true\" class=\"fas fa-spa\"><\/i>\t\t\t\t\t\t<\/span>\n\t\t\t\t\t\t\t\t\t\t<span class=\"elementor-icon-list-text\">O\u0161et\u0159en\u00ed REIKI<\/span>\n\t\t\t\t\t\t\t\t\t<\/li>\n\t\t\t\t\t\t<\/ul>\n\t\t\t\t<\/div>\n\t\t\t\t<\/div>\n\t\t\t\t<div class=\"elementor-element elementor-element-e4d3e6a elementor-widget elementor-widget-text-editor\" data-id=\"e4d3e6a\" data-element_type=\"widget\" data-widget_type=\"text-editor.default\">\n\t\t\t\t<div class=\"elementor-widget-container\">\n\t\t\t<style>\/*! elementor - v3.19.0 - 07-02-2024 *\/\n.elementor-widget-text-editor.elementor-drop-cap-view-stacked .elementor-drop-cap{background-color:#69727d;color:#fff}.elementor-widget-text-editor.elementor-drop-cap-view-framed .elementor-drop-cap{color:#69727d;border:3px solid;background-color:transparent}.elementor-widget-text-editor:not(.elementor-drop-cap-view-default) .elementor-drop-cap{margin-top:8px}.elementor-widget-text-editor:not(.elementor-drop-cap-view-default) .elementor-drop-cap-letter{width:1em;height:1em}.elementor-widget-text-editor .elementor-drop-cap{float:left;text-align:center;line-height:1;font-size:50px}.elementor-widget-text-editor .elementor-drop-cap-letter{display:inline-block}<\/style>\t\t\t\t<p>Nab\u00edz\u00edm celkov\u00e9 i lok\u00e1ln\u00ed o\u0161et\u0159en\u00ed reiki energi\u00ed. V p\u0159\u00edpad\u011b pot\u0159eby mo\u017enost o\u0161et\u0159en\u00ed na v\u00e1mi zvolen\u00e9m m\u00edst\u011b v okol\u00ed Opavska. V\u00edce informac\u00ed <a href=\"https:\/\/ivetanejezchlebova.cz\/home\/reiki\/\">zde<\/a>.<\/p>\t\t\t\t\t\t<\/div>\n\t\t\t\t<\/div>\n\t\t\t\t<div class=\"elementor-element elementor-element-8e6f630 elementor-icon-list--layout-traditional elementor-list-item-link-full_width elementor-widget elementor-widget-icon-list\" data-id=\"8e6f630\" data-element_type=\"widget\" data-widget_type=\"icon-list.default\">\n\t\t\t\t<div class=\"elementor-widget-container\">\n\t\t\t\t\t<ul class=\"elementor-icon-list-items\">\n\t\t\t\t\t\t\t<li class=\"elementor-icon-list-item\">\n\t\t\t\t\t\t\t\t\t\t\t<span class=\"elementor-icon-list-icon\">\n\t\t\t\t\t\t\t<i aria-hidden=\"true\" class=\"fas fa-spa\"><\/i>\t\t\t\t\t\t<\/span>\n\t\t\t\t\t\t\t\t\t\t<span class=\"elementor-icon-list-text\">Harmonizace \u010daker <\/span>\n\t\t\t\t\t\t\t\t\t<\/li>\n\t\t\t\t\t\t<\/ul>\n\t\t\t\t<\/div>\n\t\t\t\t<\/div>\n\t\t\t\t<div class=\"elementor-element elementor-element-7ac0f81 elementor-widget elementor-widget-text-editor\" data-id=\"7ac0f81\" data-element_type=\"widget\" data-widget_type=\"text-editor.default\">\n\t\t\t\t<div class=\"elementor-widget-container\">\n\t\t\t\t\t\t\t<p>Harmonizujte sv\u00e9 \u010dakry na denn\u00ed b\u00e1zi pomoc\u00ed mobiln\u00edho telefonu. V\u00edce informac\u00ed <a href=\"https:\/\/ivetanejezchlebova.cz\/home\/tapety-na-mobil\/\">zde<\/a>.<\/p>\t\t\t\t\t\t<\/div>\n\t\t\t\t<\/div>\n\t\t\t\t<div class=\"elementor-element elementor-element-6588994 elementor-icon-list--layout-traditional elementor-list-item-link-full_width elementor-widget elementor-widget-icon-list\" data-id=\"6588994\" data-element_type=\"widget\" data-widget_type=\"icon-list.default\">\n\t\t\t\t<div class=\"elementor-widget-container\">\n\t\t\t\t\t<ul class=\"elementor-icon-list-items\">\n\t\t\t\t\t\t\t<li class=\"elementor-icon-list-item\">\n\t\t\t\t\t\t\t\t\t\t\t<span class=\"elementor-icon-list-icon\">\n\t\t\t\t\t\t\t<i aria-hidden=\"true\" class=\"fas fa-spa\"><\/i>\t\t\t\t\t\t<\/span>\n\t\t\t\t\t\t\t\t\t\t<span class=\"elementor-icon-list-text\">Mandaly malovan\u00e9 v energii REIKI se z\u00e1m\u011brem<\/span>\n\t\t\t\t\t\t\t\t\t<\/li>\n\t\t\t\t\t\t<\/ul>\n\t\t\t\t<\/div>\n\t\t\t\t<\/div>\n\t\t\t\t<div class=\"elementor-element elementor-element-a7e2b4d elementor-widget elementor-widget-text-editor\" data-id=\"a7e2b4d\" data-element_type=\"widget\" data-widget_type=\"text-editor.default\">\n\t\t\t\t<div class=\"elementor-widget-container\">\n\t\t\t\t\t\t\t<p>Vyberte si mandalu p\u0159esn\u011b dle sv\u00fdch pot\u0159eb. Malovan\u00e9 s aktivovanou proud\u00edc\u00ed energi\u00ed REIKI se z\u00e1m\u011brem. Nebo si nechte vytvo\u0159it mandalu p\u0159esn\u011b dle sv\u00e9ho z\u00e1m\u011bru. Najdete je <a href=\"https:\/\/ivetanejezchlebova.cz\/home\/mandaly\/\">zde<\/a>.<\/p>\t\t\t\t\t\t<\/div>\n\t\t\t\t<\/div>\n\t\t\t\t<div class=\"elementor-element elementor-element-aa0d27d elementor-icon-list--layout-traditional elementor-list-item-link-full_width elementor-widget elementor-widget-icon-list\" data-id=\"aa0d27d\" data-element_type=\"widget\" data-widget_type=\"icon-list.default\">\n\t\t\t\t<div class=\"elementor-widget-container\">\n\t\t\t\t\t<ul class=\"elementor-icon-list-items\">\n\t\t\t\t\t\t\t<li class=\"elementor-icon-list-item\">\n\t\t\t\t\t\t\t\t\t\t\t<span class=\"elementor-icon-list-icon\">\n\t\t\t\t\t\t\t<i aria-hidden=\"true\" class=\"fas fa-spa\"><\/i>\t\t\t\t\t\t<\/span>\n\t\t\t\t\t\t\t\t\t\t<span class=\"elementor-icon-list-text\">Checklist ritu\u00e1l\u016f novolun\u00ed a \u00fapl\u0148k\u016f<\/span>\n\t\t\t\t\t\t\t\t\t<\/li>\n\t\t\t\t\t\t<\/ul>\n\t\t\t\t<\/div>\n\t\t\t\t<\/div>\n\t\t\t\t<div class=\"elementor-element elementor-element-566c4ef elementor-widget elementor-widget-text-editor\" data-id=\"566c4ef\" data-element_type=\"widget\" data-widget_type=\"text-editor.default\">\n\t\t\t\t<div class=\"elementor-widget-container\">\n\t\t\t\t\t\t\t<p>Co v\u0161e za\u0159adit do ritu\u00e1lu k p\u0159\u00edle\u017eitost\u00ed novolun\u00ed? A p\u0159i \u00fapl\u0148ku? Vytvo\u0159te si sv\u016fj vlastn\u00ed ritu\u00e1l pomoc\u00ed tohoto seznamu. Najdete jej <a href=\"https:\/\/ivetanejezchlebova.cz\/home\/checklist-zdarma\/\">zde<\/a>.<\/p>\t\t\t\t\t\t<\/div>\n\t\t\t\t<\/div>\n\t\t\t\t<div class=\"elementor-element elementor-element-2a22bef elementor-widget elementor-widget-spacer\" data-id=\"2a22bef\" data-element_type=\"widget\" data-widget_type=\"spacer.default\">\n\t\t\t\t<div class=\"elementor-widget-container\">\n\t\t\t\t\t<div class=\"elementor-spacer\">\n\t\t\t<div class=\"elementor-spacer-inner\"><\/div>\n\t\t<\/div>\n\t\t\t\t<\/div>\n\t\t\t\t<\/div>\n\t\t\t\t\t<\/div>\n\t\t<\/div>\n\t\t\t\t\t<\/div>\n\t\t<\/section>\n\t\t\t\t<\/div>\n\t\t","protected":false},"excerpt":{"rendered":"<p>Nab\u00edz\u00edm O\u0161et\u0159en\u00ed REIKI Nab\u00edz\u00edm celkov\u00e9 i lok\u00e1ln\u00ed o\u0161et\u0159en\u00ed reiki energi\u00ed. V p\u0159\u00edpad\u011b pot\u0159eby mo\u017enost o\u0161et\u0159en\u00ed na v\u00e1mi zvolen\u00e9m m\u00edst\u011b v okol\u00ed Opavska. V\u00edce informac\u00ed zde. Harmonizace \u010daker Harmonizujte sv\u00e9 \u010dakry na denn\u00ed b\u00e1zi pomoc\u00ed mobiln\u00edho telefonu. V\u00edce informac\u00ed zde. Mandaly malovan\u00e9 v energii REIKI se z\u00e1m\u011brem Vyberte si mandalu p\u0159esn\u011b dle sv\u00fdch pot\u0159eb. Malovan\u00e9 s [&hellip;]<\/p>\n","protected":false},"author":1,"featured_media":4016,"parent":0,"menu_order":0,"comment_status":"closed","ping_status":"closed","template":"","meta":{"_uag_custom_page_level_css":"","site-sidebar-layout":"no-sidebar","site-content-layout":"page-builder","ast-site-content-layout":"","site-content-style":"default","site-sidebar-style":"default","ast-global-header-display":"","ast-banner-title-visibility":"","ast-main-header-display":"","ast-hfb-above-header-display":"","ast-hfb-below-header-display":"","ast-hfb-mobile-header-display":"","site-post-title":"disabled","ast-breadcrumbs-content":"","ast-featured-img":"disabled","footer-sml-layout":"","theme-transparent-header-meta":"default","adv-header-id-meta":"","stick-header-meta":"","header-above-stick-meta":"","header-main-stick-meta":"","header-below-stick-meta":"","astra-migrate-meta-layouts":"default","ast-page-background-enabled":"default","ast-page-background-meta":{"desktop":{"background-color":"","background-image":"","background-repeat":"repeat","background-position":"center center","background-size":"auto","background-attachment":"scroll","background-type":"","background-media":"","overlay-type":"","overlay-color":"","overlay-opacity":"","overlay-gradient":""},"tablet":{"background-color":"","background-image":"","background-repeat":"repeat","background-position":"center center","background-size":"auto","background-attachment":"scroll","background-type":"","background-media":"","overlay-type":"","overlay-color":"","overlay-opacity":"","overlay-gradient":""},"mobile":{"background-color":"","background-image":"","background-repeat":"repeat","background-position":"center center","background-size":"auto","background-attachment":"scroll","background-type":"","background-media":"","overlay-type":"","overlay-color":"","overlay-opacity":"","overlay-gradient":""}},"ast-content-background-meta":{"desktop":{"background-color":"var(--ast-global-color-5)","background-image":"","background-repeat":"repeat","background-position":"center center","background-size":"auto","background-attachment":"scroll","background-type":"","background-media":"","overlay-type":"","overlay-color":"","overlay-opacity":"","overlay-gradient":""},"tablet":{"background-color":"var(--ast-global-color-5)","background-image":"","background-repeat":"repeat","background-position":"center center","background-size":"auto","background-attachment":"scroll","background-type":"","background-media":"","overlay-type":"","overlay-color":"","overlay-opacity":"","overlay-gradient":""},"mobile":{"background-color":"var(--ast-global-color-5)","background-image":"","background-repeat":"repeat","background-position":"center center","background-size":"auto","background-attachment":"scroll","background-type":"","background-media":"","overlay-type":"","overlay-color":"","overlay-opacity":"","overlay-gradient":""}},"footnotes":""},"class_list":["post-4015","page","type-page","status-publish","has-post-thumbnail","hentry"],"yoast_head":"<!-- This site is optimized with the Yoast SEO plugin v22.0 - https:\/\/yoast.com\/wordpress\/plugins\/seo\/ -->\n<title>M\u00e9 slu\u017eby - Iveta Nejezchlebova<\/title>\n<meta name=\"robots\" content=\"index, follow, max-snippet:-1, max-image-preview:large, max-video-preview:-1\" \/>\n<link rel=\"canonical\" href=\"https:\/\/ivetanejezchlebova.cz\/home\/me-sluzby\/\" \/>\n<meta property=\"og:locale\" content=\"cs_CZ\" \/>\n<meta property=\"og:type\" content=\"article\" \/>\n<meta property=\"og:title\" content=\"M\u00e9 slu\u017eby - Iveta Nejezchlebova\" \/>\n<meta property=\"og:description\" content=\"Nab\u00edz\u00edm O\u0161et\u0159en\u00ed REIKI Nab\u00edz\u00edm celkov\u00e9 i lok\u00e1ln\u00ed o\u0161et\u0159en\u00ed reiki energi\u00ed. V p\u0159\u00edpad\u011b pot\u0159eby mo\u017enost o\u0161et\u0159en\u00ed na v\u00e1mi zvolen\u00e9m m\u00edst\u011b v okol\u00ed Opavska. V\u00edce informac\u00ed zde. Harmonizace \u010daker Harmonizujte sv\u00e9 \u010dakry na denn\u00ed b\u00e1zi pomoc\u00ed mobiln\u00edho telefonu. V\u00edce informac\u00ed zde. Mandaly malovan\u00e9 v energii REIKI se z\u00e1m\u011brem Vyberte si mandalu p\u0159esn\u011b dle sv\u00fdch pot\u0159eb. Malovan\u00e9 s [&hellip;]\" \/>\n<meta property=\"og:url\" content=\"https:\/\/ivetanejezchlebova.cz\/home\/me-sluzby\/\" \/>\n<meta property=\"og:site_name\" content=\"Iveta Nejezchlebova\" \/>\n<meta property=\"article:publisher\" content=\"https:\/\/www.facebook.com\/bohynevlese\/\" \/>\n<meta property=\"article:modified_time\" content=\"2022-08-23T08:41:02+00:00\" \/>\n<meta property=\"og:image\" content=\"https:\/\/ivetanejezchlebova.cz\/wp-content\/uploads\/2022\/08\/Akce.png\" \/>\n\t<meta property=\"og:image:width\" content=\"940\" \/>\n\t<meta property=\"og:image:height\" content=\"788\" \/>\n\t<meta property=\"og:image:type\" content=\"image\/png\" \/>\n<meta name=\"twitter:card\" content=\"summary_large_image\" \/>\n<meta name=\"twitter:label1\" content=\"Odhadovan\u00e1 doba \u010dten\u00ed\" \/>\n\t<meta name=\"twitter:data1\" content=\"1 minuta\" \/>\n<script type=\"application\/ld+json\" class=\"yoast-schema-graph\">{\"@context\":\"https:\/\/schema.org\",\"@graph\":[{\"@type\":\"WebPage\",\"@id\":\"https:\/\/ivetanejezchlebova.cz\/home\/me-sluzby\/\",\"url\":\"https:\/\/ivetanejezchlebova.cz\/home\/me-sluzby\/\",\"name\":\"M\u00e9 slu\u017eby - Iveta Nejezchlebova\",\"isPartOf\":{\"@id\":\"https:\/\/ivetanejezchlebova.cz\/home\/#website\"},\"datePublished\":\"2022-08-05T13:55:37+00:00\",\"dateModified\":\"2022-08-23T08:41:02+00:00\",\"breadcrumb\":{\"@id\":\"https:\/\/ivetanejezchlebova.cz\/home\/me-sluzby\/#breadcrumb\"},\"inLanguage\":\"cs\",\"potentialAction\":[{\"@type\":\"ReadAction\",\"target\":[\"https:\/\/ivetanejezchlebova.cz\/home\/me-sluzby\/\"]}]},{\"@type\":\"BreadcrumbList\",\"@id\":\"https:\/\/ivetanejezchlebova.cz\/home\/me-sluzby\/#breadcrumb\",\"itemListElement\":[{\"@type\":\"ListItem\",\"position\":1,\"name\":\"Dom\u016f\",\"item\":\"https:\/\/ivetanejezchlebova.cz\/home\/\"},{\"@type\":\"ListItem\",\"position\":2,\"name\":\"M\u00e9 slu\u017eby\"}]},{\"@type\":\"WebSite\",\"@id\":\"https:\/\/ivetanejezchlebova.cz\/home\/#website\",\"url\":\"https:\/\/ivetanejezchlebova.cz\/home\/\",\"name\":\"Iveta Nejezchlebova\",\"description\":\"\",\"publisher\":{\"@id\":\"https:\/\/ivetanejezchlebova.cz\/home\/#organization\"},\"potentialAction\":[{\"@type\":\"SearchAction\",\"target\":{\"@type\":\"EntryPoint\",\"urlTemplate\":\"https:\/\/ivetanejezchlebova.cz\/home\/?s={search_term_string}\"},\"query-input\":\"required name=search_term_string\"}],\"inLanguage\":\"cs\"},{\"@type\":\"Organization\",\"@id\":\"https:\/\/ivetanejezchlebova.cz\/home\/#organization\",\"name\":\"Iveta Nejezchlebova\",\"url\":\"https:\/\/ivetanejezchlebova.cz\/home\/\",\"logo\":{\"@type\":\"ImageObject\",\"inLanguage\":\"cs\",\"@id\":\"https:\/\/ivetanejezchlebova.cz\/home\/#\/schema\/logo\/image\/\",\"url\":\"https:\/\/ivetanejezchlebova.cz\/wp-content\/uploads\/2025\/03\/cropped-webovka.png\",\"contentUrl\":\"https:\/\/ivetanejezchlebova.cz\/wp-content\/uploads\/2025\/03\/cropped-webovka.png\",\"width\":1920,\"height\":640,\"caption\":\"Iveta Nejezchlebova\"},\"image\":{\"@id\":\"https:\/\/ivetanejezchlebova.cz\/home\/#\/schema\/logo\/image\/\"},\"sameAs\":[\"https:\/\/www.facebook.com\/bohynevlese\/\",\"https:\/\/www.instagram.com\/bohynevlese\/\"]}]}<\/script>\n<!-- \/ Yoast SEO plugin. -->","yoast_head_json":{"title":"M\u00e9 slu\u017eby - Iveta Nejezchlebova","robots":{"index":"index","follow":"follow","max-snippet":"max-snippet:-1","max-image-preview":"max-image-preview:large","max-video-preview":"max-video-preview:-1"},"canonical":"https:\/\/ivetanejezchlebova.cz\/home\/me-sluzby\/","og_locale":"cs_CZ","og_type":"article","og_title":"M\u00e9 slu\u017eby - Iveta Nejezchlebova","og_description":"Nab\u00edz\u00edm O\u0161et\u0159en\u00ed REIKI Nab\u00edz\u00edm celkov\u00e9 i lok\u00e1ln\u00ed o\u0161et\u0159en\u00ed reiki energi\u00ed. V p\u0159\u00edpad\u011b pot\u0159eby mo\u017enost o\u0161et\u0159en\u00ed na v\u00e1mi zvolen\u00e9m m\u00edst\u011b v okol\u00ed Opavska. V\u00edce informac\u00ed zde. Harmonizace \u010daker Harmonizujte sv\u00e9 \u010dakry na denn\u00ed b\u00e1zi pomoc\u00ed mobiln\u00edho telefonu. V\u00edce informac\u00ed zde. Mandaly malovan\u00e9 v energii REIKI se z\u00e1m\u011brem Vyberte si mandalu p\u0159esn\u011b dle sv\u00fdch pot\u0159eb. Malovan\u00e9 s [&hellip;]","og_url":"https:\/\/ivetanejezchlebova.cz\/home\/me-sluzby\/","og_site_name":"Iveta Nejezchlebova","article_publisher":"https:\/\/www.facebook.com\/bohynevlese\/","article_modified_time":"2022-08-23T08:41:02+00:00","og_image":[{"width":940,"height":788,"url":"https:\/\/ivetanejezchlebova.cz\/wp-content\/uploads\/2022\/08\/Akce.png","type":"image\/png"}],"twitter_card":"summary_large_image","twitter_misc":{"Odhadovan\u00e1 doba \u010dten\u00ed":"1 minuta"},"schema":{"@context":"https:\/\/schema.org","@graph":[{"@type":"WebPage","@id":"https:\/\/ivetanejezchlebova.cz\/home\/me-sluzby\/","url":"https:\/\/ivetanejezchlebova.cz\/home\/me-sluzby\/","name":"M\u00e9 slu\u017eby - Iveta Nejezchlebova","isPartOf":{"@id":"https:\/\/ivetanejezchlebova.cz\/home\/#website"},"datePublished":"2022-08-05T13:55:37+00:00","dateModified":"2022-08-23T08:41:02+00:00","breadcrumb":{"@id":"https:\/\/ivetanejezchlebova.cz\/home\/me-sluzby\/#breadcrumb"},"inLanguage":"cs","potentialAction":[{"@type":"ReadAction","target":["https:\/\/ivetanejezchlebova.cz\/home\/me-sluzby\/"]}]},{"@type":"BreadcrumbList","@id":"https:\/\/ivetanejezchlebova.cz\/home\/me-sluzby\/#breadcrumb","itemListElement":[{"@type":"ListItem","position":1,"name":"Dom\u016f","item":"https:\/\/ivetanejezchlebova.cz\/home\/"},{"@type":"ListItem","position":2,"name":"M\u00e9 slu\u017eby"}]},{"@type":"WebSite","@id":"https:\/\/ivetanejezchlebova.cz\/home\/#website","url":"https:\/\/ivetanejezchlebova.cz\/home\/","name":"Iveta Nejezchlebova","description":"","publisher":{"@id":"https:\/\/ivetanejezchlebova.cz\/home\/#organization"},"potentialAction":[{"@type":"SearchAction","target":{"@type":"EntryPoint","urlTemplate":"https:\/\/ivetanejezchlebova.cz\/home\/?s={search_term_string}"},"query-input":"required name=search_term_string"}],"inLanguage":"cs"},{"@type":"Organization","@id":"https:\/\/ivetanejezchlebova.cz\/home\/#organization","name":"Iveta Nejezchlebova","url":"https:\/\/ivetanejezchlebova.cz\/home\/","logo":{"@type":"ImageObject","inLanguage":"cs","@id":"https:\/\/ivetanejezchlebova.cz\/home\/#\/schema\/logo\/image\/","url":"https:\/\/ivetanejezchlebova.cz\/wp-content\/uploads\/2025\/03\/cropped-webovka.png","contentUrl":"https:\/\/ivetanejezchlebova.cz\/wp-content\/uploads\/2025\/03\/cropped-webovka.png","width":1920,"height":640,"caption":"Iveta Nejezchlebova"},"image":{"@id":"https:\/\/ivetanejezchlebova.cz\/home\/#\/schema\/logo\/image\/"},"sameAs":["https:\/\/www.facebook.com\/bohynevlese\/","https:\/\/www.instagram.com\/bohynevlese\/"]}]}},"uagb_featured_image_src":{"full":["https:\/\/ivetanejezchlebova.cz\/wp-content\/uploads\/2022\/08\/Akce.png",940,788,false],"thumbnail":["https:\/\/ivetanejezchlebova.cz\/wp-content\/uploads\/2022\/08\/Akce-150x150.png",150,150,true],"medium":["https:\/\/ivetanejezchlebova.cz\/wp-content\/uploads\/2022\/08\/Akce-300x251.png",300,251,true],"medium_large":["https:\/\/ivetanejezchlebova.cz\/wp-content\/uploads\/2022\/08\/Akce-768x644.png",768,644,true],"large":["https:\/\/ivetanejezchlebova.cz\/wp-content\/uploads\/2022\/08\/Akce.png",940,788,false],"1536x1536":["https:\/\/ivetanejezchlebova.cz\/wp-content\/uploads\/2022\/08\/Akce.png",940,788,false],"2048x2048":["https:\/\/ivetanejezchlebova.cz\/wp-content\/uploads\/2022\/08\/Akce.png",940,788,false]},"uagb_author_info":{"display_name":"admin","author_link":"https:\/\/ivetanejezchlebova.cz\/home\/author\/admin\/"},"uagb_comment_info":0,"uagb_excerpt":"Nab\u00edz\u00edm O\u0161et\u0159en\u00ed REIKI Nab\u00edz\u00edm celkov\u00e9 i lok\u00e1ln\u00ed o\u0161et\u0159en\u00ed reiki energi\u00ed. V p\u0159\u00edpad\u011b pot\u0159eby mo\u017enost o\u0161et\u0159en\u00ed na v\u00e1mi zvolen\u00e9m m\u00edst\u011b v okol\u00ed Opavska. V\u00edce informac\u00ed zde. Harmonizace \u010daker Harmonizujte sv\u00e9 \u010dakry na denn\u00ed b\u00e1zi pomoc\u00ed mobiln\u00edho telefonu. V\u00edce informac\u00ed zde. Mandaly malovan\u00e9 v energii REIKI se z\u00e1m\u011brem Vyberte si mandalu p\u0159esn\u011b dle sv\u00fdch pot\u0159eb. Malovan\u00e9 s&hellip;","_links":{"self":[{"href":"https:\/\/ivetanejezchlebova.cz\/home\/wp-json\/wp\/v2\/pages\/4015","targetHints":{"allow":["GET"]}}],"collection":[{"href":"https:\/\/ivetanejezchlebova.cz\/home\/wp-json\/wp\/v2\/pages"}],"about":[{"href":"https:\/\/ivetanejezchlebova.cz\/home\/wp-json\/wp\/v2\/types\/page"}],"author":[{"embeddable":true,"href":"https:\/\/ivetanejezchlebova.cz\/home\/wp-json\/wp\/v2\/users\/1"}],"replies":[{"embeddable":true,"href":"https:\/\/ivetanejezchlebova.cz\/home\/wp-json\/wp\/v2\/comments?post=4015"}],"version-history":[{"count":11,"href":"https:\/\/ivetanejezchlebova.cz\/home\/wp-json\/wp\/v2\/pages\/4015\/revisions"}],"predecessor-version":[{"id":4146,"href":"https:\/\/ivetanejezchlebova.cz\/home\/wp-json\/wp\/v2\/pages\/4015\/revisions\/4146"}],"wp:featuredmedia":[{"embeddable":true,"href":"https:\/\/ivetanejezchlebova.cz\/home\/wp-json\/wp\/v2\/media\/4016"}],"wp:attachment":[{"href":"https:\/\/ivetanejezchlebova.cz\/home\/wp-json\/wp\/v2\/media?parent=4015"}],"curies":[{"name":"wp","href":"https:\/\/api.w.org\/{rel}","templated":true}]}}